{"id":4607,"date":"2025-01-17T09:14:19","date_gmt":"2025-01-17T09:14:19","guid":{"rendered":"https:\/\/undo.be\/presse\/"},"modified":"2025-11-18T08:59:24","modified_gmt":"2025-11-18T08:59:24","slug":"presse","status":"publish","type":"page","link":"https:\/\/undo.be\/fr\/presse\/","title":{"rendered":"Presse"},"content":{"rendered":"\n<section class=\"addons \">\n  <div class=\"addons__inner\">\n          \n\n\n<div class=\"text text_default-18 addons__header\" >\n  <h2><b>Relations presse<\/b><\/h2>\n<p>Vous \u00eates journaliste ou travaillez dans les m\u00e9dias ? Chez UNDO, nous r\u00e9pondons volontiers \u00e0 vos questions et mettons \u00e0 votre disposition les derni\u00e8res informations de presse. D\u00e9couvrez-en plus sur notre mission, nos initiatives et notre impact via nos communiqu\u00e9s de presse, photos et vid\u00e9os. Contactez-nous pour des interviews, des informations compl\u00e9mentaires ou du contenu exclusif.   <\/p>\n<h3><span style=\"text-decoration: underline;\">Contact<\/span>:<\/h3>\n<p>Laurent Bataille<br \/>\nEmail: <a href=\"mailto:laurent.bataille@undo.be\">laurent.bataille@undo.be<\/a><\/p>\n\n<\/div>\n    \n          <div class=\"addons__group\" data-addons>\n                  \n\n\n<div class=\"text text_default-16 addons__group-description\" >\n  <h3>Communiqu\u00e9s de presse<\/h3>\n\n<\/div>\n        \n                  <div class=\"addons__list swiper\" data-addons-swiper>\n            <div class=\"addons__list-wrapper swiper-wrapper\">\n                              <div class=\"addons__list-item swiper-slide\">\n                                      \n\n\n<figure class=\"image image_fit-contain addons__list-item-image\"\n  style=\"--aspect-ratio: 1\">\n  <img decoding=\"async\" src=\"https:\/\/undo.be\/wp-content\/uploads\/2025\/01\/Undo_logo-symbol_white-196x196-c-default.webp\" alt=\"\" \/>\n<\/figure>                  \n                                      \n\n\n<div class=\"text text_default-18 addons__list-item-description\" >\n  <h5><a href=\"https:\/\/undo.be\/wp-content\/uploads\/2025\/11\/UNDO-press-release-18-November-2025.pdf\" target=\"_blank\" rel=\"noopener\">Communiqu\u00e9 de presse \u2013 18-11-2025<\/a><\/h5>\n\n<\/div>\n                                  <\/div>\n                              <div class=\"addons__list-item swiper-slide\">\n                                      \n\n\n<figure class=\"image image_fit-contain addons__list-item-image\"\n  style=\"--aspect-ratio: 1\">\n  <img decoding=\"async\" src=\"https:\/\/undo.be\/wp-content\/uploads\/2025\/01\/Undo_logo-symbol_white-196x196-c-default.webp\" alt=\"\" \/>\n<\/figure>                  \n                                      \n\n\n<div class=\"text text_default-18 addons__list-item-description\" >\n  <h5><a href=\"https:\/\/undo.be\/wp-content\/uploads\/2025\/07\/UNDO-press-release-25_07_25.pdf\" target=\"_blank\" rel=\"noopener\">Communiqu\u00e9 de presse &#8211; 25-07-2025<\/a><\/h5>\n\n<\/div>\n                                  <\/div>\n                              <div class=\"addons__list-item swiper-slide\">\n                                      \n\n\n<figure class=\"image image_fit-contain addons__list-item-image\"\n  style=\"--aspect-ratio: 1\">\n  <img decoding=\"async\" src=\"https:\/\/undo.be\/wp-content\/uploads\/2025\/01\/Undo_logo-symbol_white-196x196-c-default.webp\" alt=\"\" \/>\n<\/figure>                  \n                                      \n\n\n<div class=\"text text_default-18 addons__list-item-description\" >\n  <h5><a href=\"https:\/\/undo.be\/wp-content\/uploads\/2025\/07\/UNDO-press-release-02_07_25.pdf\" target=\"_blank\" rel=\"noopener\">Communiqu\u00e9 de presse &#8211; 02-07-2025<\/a><\/h5>\n<h5><\/h5>\n\n<\/div>\n                                  <\/div>\n                              <div class=\"addons__list-item swiper-slide\">\n                                      \n\n\n<figure class=\"image image_fit-contain addons__list-item-image\"\n  style=\"--aspect-ratio: 1\">\n  <img decoding=\"async\" src=\"https:\/\/undo.be\/wp-content\/uploads\/2025\/01\/Undo_logo-symbol_white-196x196-c-default.webp\" alt=\"\" \/>\n<\/figure>                  \n                                      \n\n\n<div class=\"text text_default-18 addons__list-item-description\" >\n  <h5><a href=\"https:\/\/undo.be\/wp-content\/uploads\/2025\/06\/UNDO-press-release-24_06_25.pdf\" target=\"_blank\" rel=\"noopener\">Communiqu\u00e9 de presse &#8211; 24-06-2025<\/a><\/h5>\n\n<\/div>\n                                  <\/div>\n                              <div class=\"addons__list-item swiper-slide\">\n                                      \n\n\n<figure class=\"image image_fit-contain addons__list-item-image\"\n  style=\"--aspect-ratio: 1\">\n  <img decoding=\"async\" src=\"https:\/\/undo.be\/wp-content\/uploads\/2025\/01\/Undo_logo-symbol_white-196x196-c-default.webp\" alt=\"\" \/>\n<\/figure>                  \n                                      \n\n\n<div class=\"text text_default-18 addons__list-item-description\" >\n  <h5><a href=\"https:\/\/undo.be\/wp-content\/uploads\/2025\/02\/UNDO-press-release-Feb-25.pdf\" target=\"_blank\" rel=\"noopener\">Communiqu\u00e9 de presse &#8211; 11-02-2025<\/a><\/h5>\n\n<\/div>\n                                  <\/div>\n                              <div class=\"addons__list-item swiper-slide\">\n                                      \n\n\n<figure class=\"image image_fit-contain addons__list-item-image\"\n  style=\"--aspect-ratio: 1\">\n  <img decoding=\"async\" src=\"https:\/\/undo.be\/wp-content\/uploads\/2025\/01\/Undo_logo-symbol_white-196x196-c-default.webp\" alt=\"\" \/>\n<\/figure>                  \n                                      \n\n\n<div class=\"text text_default-18 addons__list-item-description\" >\n  <h5><a href=\"https:\/\/undo.be\/wp-content\/uploads\/2025\/01\/UNDO-press-release-Jan-25.docx.pdf\" target=\"_blank\" rel=\"noopener\">Communiqu\u00e9 de presse &#8211; 17-01-2025<\/a><\/h5>\n\n<\/div>\n                                  <\/div>\n                              <div class=\"addons__list-item swiper-slide\">\n                                      \n\n\n<figure class=\"image image_fit-contain addons__list-item-image\"\n  style=\"--aspect-ratio: 1\">\n  <img decoding=\"async\" src=\"https:\/\/undo.be\/wp-content\/uploads\/2025\/01\/Undo_logo-symbol_white-196x196-c-default.webp\" alt=\"\" \/>\n<\/figure>                  \n                                      \n\n\n<div class=\"text text_default-18 addons__list-item-description\" >\n  <h5><a href=\"https:\/\/undo.be\/wp-content\/uploads\/2025\/01\/Press-Release-UNDO-BEL_191223_FRNL.pdf\" target=\"_blank\" rel=\"noopener\">Communiqu\u00e9s de presse &#8211; 19-12-2023<\/a><\/h5>\n\n<\/div>\n                                  <\/div>\n                              <div class=\"addons__list-item swiper-slide\">\n                                      \n\n\n<figure class=\"image image_fit-contain addons__list-item-image\"\n  style=\"--aspect-ratio: 1\">\n  <img decoding=\"async\" src=\"https:\/\/undo.be\/wp-content\/uploads\/2025\/01\/Undo_logo-symbol_white-196x196-c-default.webp\" alt=\"\" \/>\n<\/figure>                  \n                                      \n\n\n<div class=\"text text_default-18 addons__list-item-description\" >\n  <h5><a href=\"https:\/\/undo.be\/wp-content\/uploads\/2025\/01\/Press-Release-UNDO-BEL_250723_NLFR.pdf\" target=\"_blank\" rel=\"noopener\">Communiqu\u00e9s de presse &#8211; 25-07-2023<\/a><\/h5>\n\n<\/div>\n                                  <\/div>\n                          <\/div>\n          <\/div>\n        \n        <div class=\"addons__group-scrollbar swiper-scrollbar\"\n          data-addons-swiper-scrollbar><\/div>\n      <\/div>\n      <\/div>\n<\/section>\n\n\n<section \n  class=\"content \">\n  <div class=\"content__inner\">\n    <h4>Tous les documents photographiques peuvent \u00eatre trouv\u00e9s <a href=\"https:\/\/drive.google.com\/drive\/folders\/1txPvZ7y52vwa0XEjrcrvFETDVqMP3Jx6?usp=sharing\" target=\"_blank\" rel=\"noopener\"><span style=\"text-decoration: underline;\">ici<\/span><\/a>.<\/h4>\n\n  <\/div>\n<\/section>\n\n<div style=\"height:30px\" aria-hidden=\"true\" class=\"wp-block-spacer\"><\/div>\n","protected":false},"excerpt":{"rendered":"","protected":false},"author":2,"featured_media":0,"parent":0,"menu_order":11,"comment_status":"closed","ping_status":"closed","template":"","meta":{"_acf_changed":false,"footnotes":""},"acf":[],"yoast_head":"<!-- This site is optimized with the Yoast SEO plugin v22.9 - https:\/\/yoast.com\/wordpress\/plugins\/seo\/ -->\n<title>Presse \u2013 Infos et communiqu\u00e9s d\u2019UNDO<\/title>\n<meta name=\"description\" content=\"Retrouvez ici tous les communiqu\u00e9s et ressources presse d\u2019UNDO.\" \/>\n<meta name=\"robots\" content=\"index, follow, max-snippet:-1, max-image-preview:large, max-video-preview:-1\" \/>\n<link rel=\"canonical\" href=\"https:\/\/undo.be\/fr\/presse\/\" \/>\n<meta property=\"og:locale\" content=\"fr_FR\" \/>\n<meta property=\"og:type\" content=\"article\" \/>\n<meta property=\"og:title\" content=\"Presse \u2013 Infos et communiqu\u00e9s d\u2019UNDO\" \/>\n<meta property=\"og:description\" content=\"Retrouvez ici tous les communiqu\u00e9s et ressources presse d\u2019UNDO.\" \/>\n<meta property=\"og:url\" content=\"https:\/\/undo.be\/fr\/presse\/\" \/>\n<meta property=\"og:site_name\" content=\"Undo\" \/>\n<meta property=\"article:modified_time\" content=\"2025-11-18T08:59:24+00:00\" \/>\n<meta name=\"twitter:card\" content=\"summary_large_image\" \/>\n<script type=\"application\/ld+json\" class=\"yoast-schema-graph\">{\"@context\":\"https:\/\/schema.org\",\"@graph\":[{\"@type\":\"WebPage\",\"@id\":\"https:\/\/undo.be\/fr\/presse\/\",\"url\":\"https:\/\/undo.be\/fr\/presse\/\",\"name\":\"Presse \u2013 Infos et communiqu\u00e9s d\u2019UNDO\",\"isPartOf\":{\"@id\":\"https:\/\/undo.be\/#website\"},\"datePublished\":\"2025-01-17T09:14:19+00:00\",\"dateModified\":\"2025-11-18T08:59:24+00:00\",\"description\":\"Retrouvez ici tous les communiqu\u00e9s et ressources presse d\u2019UNDO.\",\"breadcrumb\":{\"@id\":\"https:\/\/undo.be\/fr\/presse\/#breadcrumb\"},\"inLanguage\":\"fr-FR\",\"potentialAction\":[{\"@type\":\"ReadAction\",\"target\":[\"https:\/\/undo.be\/fr\/presse\/\"]}]},{\"@type\":\"BreadcrumbList\",\"@id\":\"https:\/\/undo.be\/fr\/presse\/#breadcrumb\",\"itemListElement\":[{\"@type\":\"ListItem\",\"position\":1,\"name\":\"Home\",\"item\":\"https:\/\/undo.be\/fr\/\"},{\"@type\":\"ListItem\",\"position\":2,\"name\":\"Presse\"}]},{\"@type\":\"WebSite\",\"@id\":\"https:\/\/undo.be\/#website\",\"url\":\"https:\/\/undo.be\/\",\"name\":\"Undo\",\"description\":\"\",\"potentialAction\":[{\"@type\":\"SearchAction\",\"target\":{\"@type\":\"EntryPoint\",\"urlTemplate\":\"https:\/\/undo.be\/?s={search_term_string}\"},\"query-input\":\"required name=search_term_string\"}],\"inLanguage\":\"fr-FR\"}]}<\/script>\n<!-- \/ Yoast SEO plugin. -->","yoast_head_json":{"title":"Presse \u2013 Infos et communiqu\u00e9s d\u2019UNDO","description":"Retrouvez ici tous les communiqu\u00e9s et ressources presse d\u2019UNDO.","robots":{"index":"index","follow":"follow","max-snippet":"max-snippet:-1","max-image-preview":"max-image-preview:large","max-video-preview":"max-video-preview:-1"},"canonical":"https:\/\/undo.be\/fr\/presse\/","og_locale":"fr_FR","og_type":"article","og_title":"Presse \u2013 Infos et communiqu\u00e9s d\u2019UNDO","og_description":"Retrouvez ici tous les communiqu\u00e9s et ressources presse d\u2019UNDO.","og_url":"https:\/\/undo.be\/fr\/presse\/","og_site_name":"Undo","article_modified_time":"2025-11-18T08:59:24+00:00","twitter_card":"summary_large_image","schema":{"@context":"https:\/\/schema.org","@graph":[{"@type":"WebPage","@id":"https:\/\/undo.be\/fr\/presse\/","url":"https:\/\/undo.be\/fr\/presse\/","name":"Presse \u2013 Infos et communiqu\u00e9s d\u2019UNDO","isPartOf":{"@id":"https:\/\/undo.be\/#website"},"datePublished":"2025-01-17T09:14:19+00:00","dateModified":"2025-11-18T08:59:24+00:00","description":"Retrouvez ici tous les communiqu\u00e9s et ressources presse d\u2019UNDO.","breadcrumb":{"@id":"https:\/\/undo.be\/fr\/presse\/#breadcrumb"},"inLanguage":"fr-FR","potentialAction":[{"@type":"ReadAction","target":["https:\/\/undo.be\/fr\/presse\/"]}]},{"@type":"BreadcrumbList","@id":"https:\/\/undo.be\/fr\/presse\/#breadcrumb","itemListElement":[{"@type":"ListItem","position":1,"name":"Home","item":"https:\/\/undo.be\/fr\/"},{"@type":"ListItem","position":2,"name":"Presse"}]},{"@type":"WebSite","@id":"https:\/\/undo.be\/#website","url":"https:\/\/undo.be\/","name":"Undo","description":"","potentialAction":[{"@type":"SearchAction","target":{"@type":"EntryPoint","urlTemplate":"https:\/\/undo.be\/?s={search_term_string}"},"query-input":"required name=search_term_string"}],"inLanguage":"fr-FR"}]}},"_links":{"self":[{"href":"https:\/\/undo.be\/fr\/wp-json\/wp\/v2\/pages\/4607"}],"collection":[{"href":"https:\/\/undo.be\/fr\/wp-json\/wp\/v2\/pages"}],"about":[{"href":"https:\/\/undo.be\/fr\/wp-json\/wp\/v2\/types\/page"}],"author":[{"embeddable":true,"href":"https:\/\/undo.be\/fr\/wp-json\/wp\/v2\/users\/2"}],"replies":[{"embeddable":true,"href":"https:\/\/undo.be\/fr\/wp-json\/wp\/v2\/comments?post=4607"}],"version-history":[{"count":18,"href":"https:\/\/undo.be\/fr\/wp-json\/wp\/v2\/pages\/4607\/revisions"}],"predecessor-version":[{"id":6223,"href":"https:\/\/undo.be\/fr\/wp-json\/wp\/v2\/pages\/4607\/revisions\/6223"}],"wp:attachment":[{"href":"https:\/\/undo.be\/fr\/wp-json\/wp\/v2\/media?parent=4607"}],"curies":[{"name":"wp","href":"https:\/\/api.w.org\/{rel}","templated":true}]}}