{"id":3481,"date":"2024-09-19T15:55:26","date_gmt":"2024-09-19T14:55:26","guid":{"rendered":"https:\/\/undo.be\/blog\/"},"modified":"2025-07-30T09:22:24","modified_gmt":"2025-07-30T08:22:24","slug":"blog","status":"publish","type":"page","link":"https:\/\/undo.be\/fr\/blog\/","title":{"rendered":"Blog"},"content":{"rendered":"\n\n<section \n  class=\"hs \">\n  <div class=\"hs__inner\">\n    \n\n\n<div class=\"text text_default-18 hs__content\" >\n  <h1>UNDO News<\/h1>\n<p>Connectez-vous aux mises \u00e0 jour et aux articles int\u00e9ressants d\u2019UNDO sur l\u2019\u00e9quilibre num\u00e9rique, la vie durable et les pratiques respectueuses de l\u2019environnement. Trouvez votre rythme avec un mode de vie bon pour vous et pour la plan\u00e8te. <\/p>\n\n<\/div>\n  <\/div>\n<\/section>\n\n<section class=\"bo\">\n  <div class=\"bo__inner\">\n          <div class=\"bo__categories\">\n        <div class=\"bo__categories-list\">\n                      <a href=\"https:\/\/undo.be\/fr\/wp-json\/wp\/v2\/pages\/3481\/\"\n              class=\"bo__category\"\n              data-active=\"1\">\n              \n\n\n<p class=\"text text_default-18-bold bo__category-title\" >\n  Toutes cat\u00e9gories\n<\/p>\n            <\/a>\n                      <a href=\"?category=a-propos-dundo\"\n              class=\"bo__category\"\n              data-active=\"\">\n              \n\n\n<p class=\"text text_default-18-bold bo__category-title\" >\n  \u00c0 propos d&#8217;UNDO\n<\/p>\n            <\/a>\n                      <a href=\"?category=impact-digital\"\n              class=\"bo__category\"\n              data-active=\"\">\n              \n\n\n<p class=\"text text_default-18-bold bo__category-title\" >\n  Impact digital\n<\/p>\n            <\/a>\n                      <a href=\"?category=undo-forest-fr\"\n              class=\"bo__category\"\n              data-active=\"\">\n              \n\n\n<p class=\"text text_default-18-bold bo__category-title\" >\n  UNDO Forest\n<\/p>\n            <\/a>\n                      <a href=\"?category=undo-removal-fr\"\n              class=\"bo__category\"\n              data-active=\"\">\n              \n\n\n<p class=\"text text_default-18-bold bo__category-title\" >\n  UNDO Removal\n<\/p>\n            <\/a>\n                      <a href=\"?category=vivre-durablement\"\n              class=\"bo__category\"\n              data-active=\"\">\n              \n\n\n<p class=\"text text_default-18-bold bo__category-title\" >\n  Vivre durablement\n<\/p>\n            <\/a>\n                  <\/div>\n\n                  \n\n\n<p class=\"text text_default-16 bo__categories-results\" >\n  10 R\u00e9sultats\n<\/p>\n              <\/div>\n    \n          <ul class=\"bo__articles\">\n                  <li class=\"bo__article\">\n                          \n\n\n<figure class=\"image image_fit-cover bo__article-image\"\n  style=\"--aspect-ratio: 4\/3\">\n  <img decoding=\"async\" src=\"https:\/\/undo.be\/wp-content\/uploads\/2026\/03\/2-800x0-c-default.webp\" alt=\"Quel est le forfait mobile le moins cher en Belgique ? Voici ce qu\u2019il faut vraiment savoir\" \/>\n<\/figure>            \n            <div class=\"bo__article-content\">\n              <div class=\"bo__article-content-inner\">\n                                  \n\n<h2 class=\"heading heading_as-h2 bo__article-title\">\n  Quel est le forfait mobile le moins cher en Belgique ? Voici ce qu\u2019il faut vraiment savoir\n<\/h2>\n                \n                                  \n\n\n<p class=\"text text_default-12 bo__article-date\" >\n  26\/03\/2026\n<\/p>\n                \n                                  \n\n\n<p class=\"text text_default-18 bo__article-description\" >\n  Trouver le forfait mobile le moins cher en Belgique semble aujourd\u2019hui tr\u00e8s simple.\n<\/p>\n                              <\/div>\n\n              \n\n\n<a class=\"button button_variant-primary button_scheme-light bo__article-link\" href=\"https:\/\/undo.be\/fr\/quel-est-le-forfait-mobile-le-moins-cher-en-belgique-voici-ce-quil-faut-vraiment-savoir\/\" target=\"\">\n  \n      <span class=\"button__label\">En savoir +<br><\/span>\n  \n  <\/a>\n            <\/div>\n          <\/li>\n                  <li class=\"bo__article\">\n                          \n\n\n<figure class=\"image image_fit-cover bo__article-image\"\n  style=\"--aspect-ratio: 4\/3\">\n  <img decoding=\"async\" src=\"https:\/\/undo.be\/wp-content\/uploads\/2026\/03\/Blog-telecom-operator1-800x0-c-default.webp\" alt=\"Vous cherchez un op\u00e9rateur mobile durable en Belgique ? Voici ce qu\u2019il faut savoir\" \/>\n<\/figure>            \n            <div class=\"bo__article-content\">\n              <div class=\"bo__article-content-inner\">\n                                  \n\n<h2 class=\"heading heading_as-h2 bo__article-title\">\n  Vous cherchez un op\u00e9rateur mobile durable en Belgique ? Voici ce qu\u2019il faut savoir\n<\/h2>\n                \n                                  \n\n\n<p class=\"text text_default-12 bo__article-date\" >\n  23\/03\/2026\n<\/p>\n                \n                                  \n\n\n<p class=\"text text_default-18 bo__article-description\" >\n  Le secteur des t\u00e9l\u00e9communications joue un r\u00f4le cl\u00e9 dans notre vie num\u00e9rique \u2014 mais il a \u00e9galement un impact environnemental croissant.\n<\/p>\n                              <\/div>\n\n              \n\n\n<a class=\"button button_variant-primary button_scheme-light bo__article-link\" href=\"https:\/\/undo.be\/fr\/vous-cherchez-un-operateur-mobile-durable-en-belgique-voici-ce-quil-faut-savoir\/\" target=\"\">\n  \n      <span class=\"button__label\">En savoir +<br><\/span>\n  \n  <\/a>\n            <\/div>\n          <\/li>\n                  <li class=\"bo__article\">\n                          \n\n\n<figure class=\"image image_fit-cover bo__article-image\"\n  style=\"--aspect-ratio: 4\/3\">\n  <img decoding=\"async\" src=\"https:\/\/undo.be\/wp-content\/uploads\/2025\/04\/UNDO-Carbon-Footprint-2024_Title-800x0-c-default.webp\" alt=\"UNDO a compens\u00e9 139 tonnes de CO\u2082 l\u2019ann\u00e9e derni\u00e8re \u2013 Ensemble, nous faisons la diff\u00e9rence \ud83c\udf3f\" \/>\n<\/figure>            \n            <div class=\"bo__article-content\">\n              <div class=\"bo__article-content-inner\">\n                                  \n\n<h2 class=\"heading heading_as-h2 bo__article-title\">\n  UNDO a compens\u00e9 139 tonnes de CO\u2082 l\u2019ann\u00e9e derni\u00e8re \u2013 Ensemble, nous faisons la diff\u00e9rence \ud83c\udf3f\n<\/h2>\n                \n                                  \n\n\n<p class=\"text text_default-12 bo__article-date\" >\n  11\/04\/2025\n<\/p>\n                \n                                  \n\n\n<p class=\"text text_default-18 bo__article-description\" >\n  Entre le 25 juillet 2023 et le 24 juillet 2024, nous avons compens\u00e9 ensemble avec notre communaut\u00e9 pas moins de 139 tonnes de CO\u2082.\n<\/p>\n                              <\/div>\n\n              \n\n\n<a class=\"button button_variant-primary button_scheme-light bo__article-link\" href=\"https:\/\/undo.be\/fr\/undo-a-compense-139-tonnes-de-co%e2%82%82-lannee-derniere-ensemble-nous-faisons-la-difference-%f0%9f%8c%bf\/\" target=\"\">\n  \n      <span class=\"button__label\">En savoir +<br><\/span>\n  \n  <\/a>\n            <\/div>\n          <\/li>\n                  <li class=\"bo__article\">\n                          \n\n\n<figure class=\"image image_fit-cover bo__article-image\"\n  style=\"--aspect-ratio: 4\/3\">\n  <img decoding=\"async\" src=\"https:\/\/undo.be\/wp-content\/uploads\/2025\/03\/Icons-B2B-Webpage6-800x0-c-default.webp\" alt=\"UNDO x Duurzaam Kantoor : Des Espaces de Travail Plus Durables et Plus Efficaces\" \/>\n<\/figure>            \n            <div class=\"bo__article-content\">\n              <div class=\"bo__article-content-inner\">\n                                  \n\n<h2 class=\"heading heading_as-h2 bo__article-title\">\n  UNDO x Duurzaam Kantoor : Des Espaces de Travail Plus Durables et Plus Efficaces\n<\/h2>\n                \n                                  \n\n\n<p class=\"text text_default-12 bo__article-date\" >\n  21\/03\/2025\n<\/p>\n                \n                                  \n\n\n<p class=\"text text_default-18 bo__article-description\" >\n  Chez UNDO, nous pensons que la durabilit\u00e9 ne se limite pas aux solutions mobiles neutres en carbone\u2014elle doit avoir un impact r\u00e9el et mesurable dans tous les aspects de l\u2019entreprise.\n<\/p>\n                              <\/div>\n\n              \n\n\n<a class=\"button button_variant-primary button_scheme-light bo__article-link\" href=\"https:\/\/undo.be\/fr\/undo-x-duurzaam-kantoor-des-espaces-de-travail-plus-durables-et-plus-efficaces\/\" target=\"\">\n  \n      <span class=\"button__label\">En savoir +<br><\/span>\n  \n  <\/a>\n            <\/div>\n          <\/li>\n                  <li class=\"bo__article\">\n                          \n\n\n<figure class=\"image image_fit-cover bo__article-image\"\n  style=\"--aspect-ratio: 4\/3\">\n  <img decoding=\"async\" src=\"https:\/\/undo.be\/wp-content\/uploads\/2025\/03\/Icons-B2B-Webpage-800x0-c-default.webp\" alt=\"UNDO x Go Forest : Ensemble, rendons la Belgique plus verte !\" \/>\n<\/figure>            \n            <div class=\"bo__article-content\">\n              <div class=\"bo__article-content-inner\">\n                                  \n\n<h2 class=\"heading heading_as-h2 bo__article-title\">\n  UNDO x Go Forest : Ensemble, rendons la Belgique plus verte !\n<\/h2>\n                \n                                  \n\n\n<p class=\"text text_default-12 bo__article-date\" >\n  20\/03\/2025\n<\/p>\n                \n                                  \n\n\n<p class=\"text text_default-18 bo__article-description\" >\n  Chez UNDO, nous pensons que la durabilit\u00e9 ne doit pas se limiter \u00e0 la compensation des \u00e9missions de CO\u2082\n<\/p>\n                              <\/div>\n\n              \n\n\n<a class=\"button button_variant-primary button_scheme-light bo__article-link\" href=\"https:\/\/undo.be\/fr\/undo-x-go-forest-ensemble-rendons-la-belgique-plus-verte\/\" target=\"\">\n  \n      <span class=\"button__label\">En savoir +<br><\/span>\n  \n  <\/a>\n            <\/div>\n          <\/li>\n                  <li class=\"bo__article\">\n                          \n\n\n<figure class=\"image image_fit-cover bo__article-image\"\n  style=\"--aspect-ratio: 4\/3\">\n  <img decoding=\"async\" src=\"https:\/\/undo.be\/wp-content\/uploads\/2025\/02\/Untitled-design-800x0-c-default.webp\" alt=\"Encourager le changement : comment votre soutien transforme la communaut\u00e9 UNDO\" \/>\n<\/figure>            \n            <div class=\"bo__article-content\">\n              <div class=\"bo__article-content-inner\">\n                                  \n\n<h2 class=\"heading heading_as-h2 bo__article-title\">\n  Encourager le changement : comment votre soutien transforme la communaut\u00e9 UNDO\n<\/h2>\n                \n                                  \n\n\n<p class=\"text text_default-12 bo__article-date\" >\n  11\/02\/2025\n<\/p>\n                \n                                  \n\n\n<p class=\"text text_default-18 bo__article-description\" >\n  Chez UNDO, la durabilit\u00e9 ne se limite pas \u00e0 la compensation du CO\u2082. Il s\u2019agit de cr\u00e9er un changement r\u00e9el et durable pour les populations et la plan\u00e8te.\n<\/p>\n                              <\/div>\n\n              \n\n\n<a class=\"button button_variant-primary button_scheme-light bo__article-link\" href=\"https:\/\/undo.be\/fr\/encourager-le-changement-comment-votre-soutien-transforme-la-communaute-undo\/\" target=\"\">\n  \n      <span class=\"button__label\">En savoir +<br><\/span>\n  \n  <\/a>\n            <\/div>\n          <\/li>\n                  <li class=\"bo__article\">\n                          \n\n\n<figure class=\"image image_fit-cover bo__article-image\"\n  style=\"--aspect-ratio: 4\/3\">\n  <img decoding=\"async\" src=\"https:\/\/undo.be\/wp-content\/uploads\/2025\/01\/Disconnect-with-UNDO-800x0-c-default.webp\" alt=\"Les Co\u00fbts Cach\u00e9s de Rester Connect\u00e9\" \/>\n<\/figure>            \n            <div class=\"bo__article-content\">\n              <div class=\"bo__article-content-inner\">\n                                  \n\n<h2 class=\"heading heading_as-h2 bo__article-title\">\n  Les Co\u00fbts Cach\u00e9s de Rester Connect\u00e9\n<\/h2>\n                \n                                  \n\n\n<p class=\"text text_default-12 bo__article-date\" >\n  15\/01\/2025\n<\/p>\n                \n                                  \n\n\n<p class=\"text text_default-18 bo__article-description\" >\n  Alors que le monde devient de plus en plus connect\u00e9, il est temps de r\u00e9fl\u00e9chir aux co\u00fbts invisibles de nos vies num\u00e9riques.\n<\/p>\n                              <\/div>\n\n              \n\n\n<a class=\"button button_variant-primary button_scheme-light bo__article-link\" href=\"https:\/\/undo.be\/fr\/les-couts-caches-de-rester-connecte\/\" target=\"\">\n  \n      <span class=\"button__label\">En savoir +<br><\/span>\n  \n  <\/a>\n            <\/div>\n          <\/li>\n                  <li class=\"bo__article\">\n                          \n\n\n<figure class=\"image image_fit-cover bo__article-image\"\n  style=\"--aspect-ratio: 4\/3\">\n  <img decoding=\"async\" src=\"https:\/\/undo.be\/wp-content\/uploads\/2024\/12\/Untitled-design-1-800x0-c-default.webp\" alt=\"Donner du Sens aux F\u00eates avec UNDO\" \/>\n<\/figure>            \n            <div class=\"bo__article-content\">\n              <div class=\"bo__article-content-inner\">\n                                  \n\n<h2 class=\"heading heading_as-h2 bo__article-title\">\n  Donner du Sens aux F\u00eates avec UNDO\n<\/h2>\n                \n                                  \n\n\n<p class=\"text text_default-12 bo__article-date\" >\n  09\/12\/2024\n<\/p>\n                \n                                  \n\n\n<p class=\"text text_default-18 bo__article-description\" >\n  Saviez-vous que la p\u00e9riode des f\u00eates comporte des co\u00fbts environnementaux cach\u00e9s ?\n<\/p>\n                              <\/div>\n\n              \n\n\n<a class=\"button button_variant-primary button_scheme-light bo__article-link\" href=\"https:\/\/undo.be\/fr\/donner-du-sens-aux-fetes-avec-undo\/\" target=\"\">\n  \n      <span class=\"button__label\">En savoir +<br><\/span>\n  \n  <\/a>\n            <\/div>\n          <\/li>\n                  <li class=\"bo__article\">\n                          \n\n\n<figure class=\"image image_fit-cover bo__article-image\"\n  style=\"--aspect-ratio: 4\/3\">\n  <img decoding=\"async\" src=\"https:\/\/undo.be\/wp-content\/uploads\/2024\/11\/Copy-of-Untitled-Design1-800x0-c-default.webp\" alt=\"Comment l\u2019eSIM contribue \u00e0 r\u00e9duire l\u2019empreinte carbone.\" \/>\n<\/figure>            \n            <div class=\"bo__article-content\">\n              <div class=\"bo__article-content-inner\">\n                                  \n\n<h2 class=\"heading heading_as-h2 bo__article-title\">\n  Comment l\u2019eSIM contribue \u00e0 r\u00e9duire l\u2019empreinte carbone.\n<\/h2>\n                \n                                  \n\n\n<p class=\"text text_default-12 bo__article-date\" >\n  13\/11\/2024\n<\/p>\n                \n                                  \n\n\n<p class=\"text text_default-18 bo__article-description\" >\n  En tant que seul op\u00e9rateur de t\u00e9l\u00e9coms durable en Belgique, nous souhaitons profiter de l\u2019occasion pour souligner comment la technologie permet la transition vers z\u00e9ro \u00e9mission nette pour le secteur des t\u00e9l\u00e9coms.\n<\/p>\n                              <\/div>\n\n              \n\n\n<a class=\"button button_variant-primary button_scheme-light bo__article-link\" href=\"https:\/\/undo.be\/fr\/comment-lesim-contribue-a-reduire-lempreinte-carbone\/\" target=\"\">\n  \n      <span class=\"button__label\">En savoir +<br><\/span>\n  \n  <\/a>\n            <\/div>\n          <\/li>\n              <\/ul>\n    \n          <div class=\"bo__pagination\">\n          <nav class=\"pagination\">\n    <ul class=\"pagination__list\">\n      <li class=\"pagination__item\">\n        <a href=\"\"\n          class=\"pagination__nav-link prev disabled\">\n          \n<div class=\"icon pagination__nav-link-icon\" style=\"--icon-default-size: 24px;\">\n  <svg width=\"24\" height=\"24\" viewBox=\"0 0 24 24\" fill=\"none\" xmlns=\"http:\/\/www.w3.org\/2000\/svg\">\n    <path d=\"M5.76953 11.0195L14.0195 2.8125C14.4062 2.38281 15.0508 2.38281 15.4805 2.8125C15.8672 3.19922 15.8672 3.84375 15.4805 4.23047L7.91797 11.75L15.4375 19.3125C15.8672 19.6992 15.8672 20.3438 15.4375 20.7305C15.0508 21.1602 14.4062 21.1602 14.0195 20.7305L5.76953 12.4805C5.33984 12.0938 5.33984 11.4492 5.76953 11.0195Z\" fill=\"black\"\/>\n<\/svg>\n\n<\/div>\n        <\/a>\n      <\/li>\n\n      \n      \n              <li class=\"pagination__item\">\n          <a href=\"\"\n            class=\"pagination__link active\">\n            <span>1<\/span>\n          <\/a>\n        <\/li>\n              <li class=\"pagination__item\">\n          <a href=\"https:\/\/undo.be\/fr\/wp-json\/wp\/v2\/pages\/3481\/page\/2\/\"\n            class=\"pagination__link \">\n            <span>2<\/span>\n          <\/a>\n        <\/li>\n      \n      \n      <li class=\"pagination__item\">\n        <a href=\"https:\/\/undo.be\/fr\/wp-json\/wp\/v2\/pages\/3481\/page\/2\/\"\n          class=\"pagination__nav-link next https:\/\/undo.be\/fr\/wp-json\/wp\/v2\/pages\/3481\/page\/2\/\">\n          \n<div class=\"icon pagination__nav-link-icon\" style=\"--icon-default-size: 24px;\">\n  <svg width=\"24\" height=\"24\" viewBox=\"0 0 24 24\" fill=\"none\" xmlns=\"http:\/\/www.w3.org\/2000\/svg\">\n    <path d=\"M18.2305 11.0195C18.6172 11.4492 18.6172 12.0938 18.2305 12.4805L9.98047 20.7305C9.55078 21.1602 8.90625 21.1602 8.51953 20.7305C8.08984 20.3438 8.08984 19.6992 8.51953 19.3125L16.0391 11.793L8.51953 4.23047C8.08984 3.84375 8.08984 3.19922 8.51953 2.8125C8.90625 2.38281 9.55078 2.38281 9.9375 2.8125L18.2305 11.0195Z\" fill=\"black\"\/>\n<\/svg>\n\n<\/div>\n        <\/a>\n      <\/li>\n    <\/ul>\n  <\/nav>\n      <\/div>\n      <\/div>\n<\/section>\n","protected":false},"excerpt":{"rendered":"","protected":false},"author":1,"featured_media":0,"parent":0,"menu_order":12,"comment_status":"closed","ping_status":"closed","template":"","meta":{"_acf_changed":false,"footnotes":""},"acf":[],"yoast_head":"<!-- This site is optimized with the Yoast SEO plugin v22.9 - https:\/\/yoast.com\/wordpress\/plugins\/seo\/ -->\n<title>Blog UNDO \u2013 Actus et r\u00e9flexions sur la t\u00e9l\u00e9com durable<\/title>\n<meta name=\"description\" content=\"Explorez les actus d\u2019UNDO et des articles sur la durabilit\u00e9, l\u2019innovation et le secteur mobile.\" \/>\n<meta name=\"robots\" content=\"index, follow, max-snippet:-1, max-image-preview:large, max-video-preview:-1\" \/>\n<link rel=\"canonical\" href=\"http:\/\/undo.be\/fr\/blog\/\" \/>\n<meta property=\"og:locale\" content=\"fr_FR\" \/>\n<meta property=\"og:type\" content=\"article\" \/>\n<meta property=\"og:title\" content=\"Blog UNDO \u2013 Actus et r\u00e9flexions sur la t\u00e9l\u00e9com durable\" \/>\n<meta property=\"og:description\" content=\"Explorez les actus d\u2019UNDO et des articles sur la durabilit\u00e9, l\u2019innovation et le secteur mobile.\" \/>\n<meta property=\"og:url\" content=\"http:\/\/undo.be\/fr\/blog\/\" \/>\n<meta property=\"og:site_name\" content=\"Undo\" \/>\n<meta property=\"article:modified_time\" content=\"2025-07-30T08:22:24+00:00\" \/>\n<meta name=\"twitter:card\" content=\"summary_large_image\" \/>\n<script type=\"application\/ld+json\" class=\"yoast-schema-graph\">{\"@context\":\"https:\/\/schema.org\",\"@graph\":[{\"@type\":\"WebPage\",\"@id\":\"http:\/\/undo.be\/fr\/blog\/\",\"url\":\"http:\/\/undo.be\/fr\/blog\/\",\"name\":\"Blog UNDO \u2013 Actus et r\u00e9flexions sur la t\u00e9l\u00e9com durable\",\"isPartOf\":{\"@id\":\"https:\/\/undo.be\/fr\/#website\"},\"datePublished\":\"2024-09-19T14:55:26+00:00\",\"dateModified\":\"2025-07-30T08:22:24+00:00\",\"description\":\"Explorez les actus d\u2019UNDO et des articles sur la durabilit\u00e9, l\u2019innovation et le secteur mobile.\",\"breadcrumb\":{\"@id\":\"http:\/\/undo.be\/fr\/blog\/#breadcrumb\"},\"inLanguage\":\"fr-FR\",\"potentialAction\":[{\"@type\":\"ReadAction\",\"target\":[\"http:\/\/undo.be\/fr\/blog\/\"]}]},{\"@type\":\"BreadcrumbList\",\"@id\":\"http:\/\/undo.be\/fr\/blog\/#breadcrumb\",\"itemListElement\":[{\"@type\":\"ListItem\",\"position\":1,\"name\":\"Home\",\"item\":\"https:\/\/undo.be\/fr\/\"},{\"@type\":\"ListItem\",\"position\":2,\"name\":\"Blog\"}]},{\"@type\":\"WebSite\",\"@id\":\"https:\/\/undo.be\/fr\/#website\",\"url\":\"https:\/\/undo.be\/fr\/\",\"name\":\"Undo\",\"description\":\"\",\"potentialAction\":[{\"@type\":\"SearchAction\",\"target\":{\"@type\":\"EntryPoint\",\"urlTemplate\":\"https:\/\/undo.be\/fr\/?s={search_term_string}\"},\"query-input\":\"required name=search_term_string\"}],\"inLanguage\":\"fr-FR\"}]}<\/script>\n<!-- \/ Yoast SEO plugin. -->","yoast_head_json":{"title":"Blog UNDO \u2013 Actus et r\u00e9flexions sur la t\u00e9l\u00e9com durable","description":"Explorez les actus d\u2019UNDO et des articles sur la durabilit\u00e9, l\u2019innovation et le secteur mobile.","robots":{"index":"index","follow":"follow","max-snippet":"max-snippet:-1","max-image-preview":"max-image-preview:large","max-video-preview":"max-video-preview:-1"},"canonical":"http:\/\/undo.be\/fr\/blog\/","og_locale":"fr_FR","og_type":"article","og_title":"Blog UNDO \u2013 Actus et r\u00e9flexions sur la t\u00e9l\u00e9com durable","og_description":"Explorez les actus d\u2019UNDO et des articles sur la durabilit\u00e9, l\u2019innovation et le secteur mobile.","og_url":"http:\/\/undo.be\/fr\/blog\/","og_site_name":"Undo","article_modified_time":"2025-07-30T08:22:24+00:00","twitter_card":"summary_large_image","schema":{"@context":"https:\/\/schema.org","@graph":[{"@type":"WebPage","@id":"http:\/\/undo.be\/fr\/blog\/","url":"http:\/\/undo.be\/fr\/blog\/","name":"Blog UNDO \u2013 Actus et r\u00e9flexions sur la t\u00e9l\u00e9com durable","isPartOf":{"@id":"https:\/\/undo.be\/fr\/#website"},"datePublished":"2024-09-19T14:55:26+00:00","dateModified":"2025-07-30T08:22:24+00:00","description":"Explorez les actus d\u2019UNDO et des articles sur la durabilit\u00e9, l\u2019innovation et le secteur mobile.","breadcrumb":{"@id":"http:\/\/undo.be\/fr\/blog\/#breadcrumb"},"inLanguage":"fr-FR","potentialAction":[{"@type":"ReadAction","target":["http:\/\/undo.be\/fr\/blog\/"]}]},{"@type":"BreadcrumbList","@id":"http:\/\/undo.be\/fr\/blog\/#breadcrumb","itemListElement":[{"@type":"ListItem","position":1,"name":"Home","item":"https:\/\/undo.be\/fr\/"},{"@type":"ListItem","position":2,"name":"Blog"}]},{"@type":"WebSite","@id":"https:\/\/undo.be\/fr\/#website","url":"https:\/\/undo.be\/fr\/","name":"Undo","description":"","potentialAction":[{"@type":"SearchAction","target":{"@type":"EntryPoint","urlTemplate":"https:\/\/undo.be\/fr\/?s={search_term_string}"},"query-input":"required name=search_term_string"}],"inLanguage":"fr-FR"}]}},"_links":{"self":[{"href":"https:\/\/undo.be\/fr\/wp-json\/wp\/v2\/pages\/3481"}],"collection":[{"href":"https:\/\/undo.be\/fr\/wp-json\/wp\/v2\/pages"}],"about":[{"href":"https:\/\/undo.be\/fr\/wp-json\/wp\/v2\/types\/page"}],"author":[{"embeddable":true,"href":"https:\/\/undo.be\/fr\/wp-json\/wp\/v2\/users\/1"}],"replies":[{"embeddable":true,"href":"https:\/\/undo.be\/fr\/wp-json\/wp\/v2\/comments?post=3481"}],"version-history":[{"count":4,"href":"https:\/\/undo.be\/fr\/wp-json\/wp\/v2\/pages\/3481\/revisions"}],"predecessor-version":[{"id":3610,"href":"https:\/\/undo.be\/fr\/wp-json\/wp\/v2\/pages\/3481\/revisions\/3610"}],"wp:attachment":[{"href":"https:\/\/undo.be\/fr\/wp-json\/wp\/v2\/media?parent=3481"}],"curies":[{"name":"wp","href":"https:\/\/api.w.org\/{rel}","templated":true}]}}