{"id":2540,"date":"2024-07-04T08:55:33","date_gmt":"2024-07-04T07:55:33","guid":{"rendered":"https:\/\/dev-wordpress-b29a99704ba4.hyperlane.co\/suppression-du-compte\/"},"modified":"2025-07-30T12:47:16","modified_gmt":"2025-07-30T11:47:16","slug":"suppression-du-compte","status":"publish","type":"page","link":"https:\/\/undo.be\/fr\/suppression-du-compte\/","title":{"rendered":"Suppression du Compte"},"content":{"rendered":"\n<h1 class=\"wp-block-heading\">Suppression du Compte<\/h1>\n\n<h2 class=\"wp-block-heading\">D\u00e9finitions<\/h2>\n\n<p>Aux fins de la pr\u00e9sente politique, les d\u00e9finitions suivantes s\u2019appliquent :<\/p>\n\n<h3 class=\"wp-block-heading\">App<\/h3>\n\n<p>Signifie l&#8217;application mobile UNDO<\/p>\n\n<h3 class=\"wp-block-heading\">Compte<\/h3>\n\n<p>Signifie une identit\u00e9 utilisateur unique fournie par UNDO en tant que fonctionnalit\u00e9 destin\u00e9e aux utilisateurs pour vous sur son application et <a href=\"https:\/\/wsc.undo.be\/\">le portail client<\/a> de son site web. Le compte vous permet d&#8217;acc\u00e9der aux services d&#8217;UNDO via un m\u00e9canisme d&#8217;authentification. La cr\u00e9ation d&#8217;un compte est n\u00e9cessaire pour acheter un abonnement et utiliser les services d&#8217;UNDO<\/p>\n\n<h3 class=\"wp-block-heading\">Services<\/h3>\n\n<p>Signifie des services de t\u00e9l\u00e9communications fournis par UNDO, tels que sp\u00e9cifi\u00e9s dans les <a href=\"https:\/\/undo.be\/fr\/general-conditions\/terms-and-conditions\/\">Conditions G\u00e9n\u00e9rales de UNDO<\/a><\/p>\n\n<h3 class=\"wp-block-heading\">Abonnement<\/h3>\n\n<p>Signifie le plan tarifaire par laquelle un contrat entre vous et UNDO est conclu pour la fourniture des services<\/p>\n\n<h3 class=\"wp-block-heading\">UNDO<\/h3>\n\n<p>Signifie UNDO srl, dont le si\u00e8ge social est situ\u00e9 Chauss\u00e9e de La Hulpe 177, Bo\u00eete 11, B-1170 Bruxelles, et dont le num\u00e9ro d&#8217;entreprise est 0788.352.652<\/p>\n\n<p>***<\/p>\n\n<p>Vous avez la possibilit\u00e9 de supprimer votre compte et les donn\u00e9es associ\u00e9es stock\u00e9es dans les bases de donn\u00e9es de UNDO ou de simplement supprimer votre application.<\/p>\n\n<h2 class=\"wp-block-heading\">Suppression de l&#8217;App<\/h2>\n\n<p>Vous pouvez supprimer l&#8217;App \u00e0 tout moment de votre t\u00e9l\u00e9phone. La suppression de l&#8217;App signifie que les donn\u00e9es li\u00e9es \u00e0 l&#8217;utilisation de l&#8217;App seront supprim\u00e9es, telles que la dur\u00e9e d&#8217;utilisation de l&#8217;App, les informations sur l&#8217;appareil mobile, les informations d&#8217;authentification, le mot de passe, les donn\u00e9es biom\u00e9triques comme les empreintes digitales et la reconnaissance faciale, etc.<br\/><br\/>La suppression de l&#8217;App n&#8217;implique pas la suppression de votre compte ni des donn\u00e9es personnelles associ\u00e9es \u00e0 votre compte, telles que votre nom, adresse, num\u00e9ro de t\u00e9l\u00e9phone, informations financi\u00e8res et de paiement, ou les informations de consommation de l\u2019internet mobile et d&#8217;appels\/SMS.<br\/><br\/>Apr\u00e8s la suppression de votre App, vous pourrez toujours vous authentifier et acc\u00e9der \u00e0 votre compte via un autre appareil ou le site web de UNDO.<\/p>\n\n<h2 class=\"wp-block-heading\">Suppression du Compte<\/h2>\n\n<p>Avant de demander la suppression de votre compte, il est n\u00e9cessaire de r\u00e9silier votre abonnement conform\u00e9ment \u00e0 nos <a href=\"https:\/\/undo.be\/fr\/general-conditions\/terms-and-conditions\/\">Conditions G\u00e9n\u00e9rales<\/a> sous l&#8217;Article 3.2.<br\/><br\/>Pour acc\u00e9der \u00e0 la section de suppression de compte sur l&#8217;App, allez dans &#8220;Mon compte&#8221; sur <a href=\"https:\/\/wsc.undo.be\/?lang=en\" target=\"_blank\" rel=\"noreferrer noopener\">https:\/\/wsc.undo.be\/<\/a> et connectez-vous via le processus d&#8217;authentification. Cliquez sur Plus\/Param\u00e8tres\/Param\u00e8tres du compte\/Supprimer le compte et confirmez votre choix. De cette mani\u00e8re, vous fournirez imm\u00e9diatement au syst\u00e8me les informations n\u00e9cessaires pour supprimer votre compte.<br\/><br\/>Pour supprimer votre Compte de la zone r\u00e9serv\u00e9e du site Internet, il est n\u00e9cessaire d&#8217;envoyer une demande \u00e0 support@undo.be et d&#8217;exprimer votre d\u00e9cision de suppression.<br\/><br\/>Veuillez noter que votre choix sera mis en \u0153uvre et que vos donn\u00e9es associ\u00e9es seront supprim\u00e9es \u00e0 la suppression de votre compte, sauf disposition contraire de la loi ou pour d\u00e9fendre les int\u00e9r\u00eats de UNDO devant les tribunaux \u2013 auquel cas nous appliquerons les p\u00e9riodes de conservation stipul\u00e9es dans notre <a href=\"https:\/\/undo.be\/fr\/privacy-policy\/\" target=\"_blank\" rel=\"noreferrer noopener\">Politique de confidentialit\u00e9<\/a> sous l&#8217;Article 7. Cela peut inclure votre nom, adresse, donn\u00e9es ou consommation d&#8217;appels\/SMS, informations financi\u00e8res et de paiement, donn\u00e9es obligatoirement mises \u00e0 disposition des autorit\u00e9s publiques nationales et\/ou internationales \u00e0 des fins de justice ou de s\u00e9curit\u00e9 nationale et\/ou internationale, ou sp\u00e9cifiquement conserv\u00e9es en stockage suivant des dispositions pr\u00e9cises et des mesures notifi\u00e9es \u00e0 UNDO par les m\u00eames autorit\u00e9s.<br\/><br\/>\u00c0 l&#8217;exception de ces cas, la suppression de votre compte entra\u00eene l&#8217;effacement de toutes vos donn\u00e9es, donc une suppression partielle n&#8217;est pas possible.<br\/><br\/>Dans le cas o\u00f9 vos donn\u00e9es ont \u00e9t\u00e9 partag\u00e9es avec des tiers, UNDO demandera la suppression de vos donn\u00e9es stock\u00e9es par ces tiers.<br\/><br\/>Veuillez-vous r\u00e9f\u00e9rer \u00e0 notre <a href=\"https:\/\/undo.be\/fr\/privacy-policy\/\" target=\"_blank\" rel=\"noreferrer noopener\">Politique de confidentialit\u00e9<\/a> pour plus d&#8217;informations sur le droit \u00e0 l&#8217;effacement des donn\u00e9es en vertu de l&#8217;Article 9.3.<\/p>\n","protected":false},"excerpt":{"rendered":"<p>Suppression du Compte D\u00e9finitions Aux fins de la pr\u00e9sente politique, les d\u00e9finitions suivantes s\u2019appliquent : App Signifie l&#8217;application mobile UNDO Compte Signifie une identit\u00e9 utilisateur unique fournie par UNDO en tant que fonctionnalit\u00e9 destin\u00e9e aux utilisateurs pour vous sur son application et le portail client de son site web. Le compte vous permet d&#8217;acc\u00e9der aux [&hellip;]<\/p>\n","protected":false},"author":1,"featured_media":0,"parent":0,"menu_order":23,"comment_status":"closed","ping_status":"closed","template":"templates\/tpl-page-container.php","meta":{"_acf_changed":false,"footnotes":""},"acf":[],"yoast_head":"<!-- This site is optimized with the Yoast SEO plugin v22.9 - https:\/\/yoast.com\/wordpress\/plugins\/seo\/ -->\n<title>Suppression de compte UNDO<\/title>\n<meta name=\"description\" content=\"Suppression de votre compte UNDO \u2013 comment faire.\" \/>\n<meta name=\"robots\" content=\"index, follow, max-snippet:-1, max-image-preview:large, max-video-preview:-1\" \/>\n<link rel=\"canonical\" href=\"https:\/\/undo.be\/fr\/suppression-du-compte\/\" \/>\n<meta property=\"og:locale\" content=\"fr_FR\" \/>\n<meta property=\"og:type\" content=\"article\" \/>\n<meta property=\"og:title\" content=\"Suppression de compte UNDO\" \/>\n<meta property=\"og:description\" content=\"Suppression de votre compte UNDO \u2013 comment faire.\" \/>\n<meta property=\"og:url\" content=\"https:\/\/undo.be\/fr\/suppression-du-compte\/\" \/>\n<meta property=\"og:site_name\" content=\"Undo\" \/>\n<meta property=\"article:modified_time\" content=\"2025-07-30T11:47:16+00:00\" \/>\n<meta name=\"twitter:card\" content=\"summary_large_image\" \/>\n<meta name=\"twitter:label1\" content=\"Est. reading time\" \/>\n\t<meta name=\"twitter:data1\" content=\"3 minutes\" \/>\n<script type=\"application\/ld+json\" class=\"yoast-schema-graph\">{\"@context\":\"https:\/\/schema.org\",\"@graph\":[{\"@type\":\"WebPage\",\"@id\":\"https:\/\/undo.be\/fr\/suppression-du-compte\/\",\"url\":\"https:\/\/undo.be\/fr\/suppression-du-compte\/\",\"name\":\"Suppression de compte UNDO\",\"isPartOf\":{\"@id\":\"https:\/\/undo.be\/#website\"},\"datePublished\":\"2024-07-04T07:55:33+00:00\",\"dateModified\":\"2025-07-30T11:47:16+00:00\",\"description\":\"Suppression de votre compte UNDO \u2013 comment faire.\",\"breadcrumb\":{\"@id\":\"https:\/\/undo.be\/fr\/suppression-du-compte\/#breadcrumb\"},\"inLanguage\":\"fr-FR\",\"potentialAction\":[{\"@type\":\"ReadAction\",\"target\":[\"https:\/\/undo.be\/fr\/suppression-du-compte\/\"]}]},{\"@type\":\"BreadcrumbList\",\"@id\":\"https:\/\/undo.be\/fr\/suppression-du-compte\/#breadcrumb\",\"itemListElement\":[{\"@type\":\"ListItem\",\"position\":1,\"name\":\"Home\",\"item\":\"https:\/\/undo.be\/fr\/\"},{\"@type\":\"ListItem\",\"position\":2,\"name\":\"Suppression du Compte\"}]},{\"@type\":\"WebSite\",\"@id\":\"https:\/\/undo.be\/#website\",\"url\":\"https:\/\/undo.be\/\",\"name\":\"Undo\",\"description\":\"\",\"potentialAction\":[{\"@type\":\"SearchAction\",\"target\":{\"@type\":\"EntryPoint\",\"urlTemplate\":\"https:\/\/undo.be\/?s={search_term_string}\"},\"query-input\":\"required name=search_term_string\"}],\"inLanguage\":\"fr-FR\"}]}<\/script>\n<!-- \/ Yoast SEO plugin. -->","yoast_head_json":{"title":"Suppression de compte UNDO","description":"Suppression de votre compte UNDO \u2013 comment faire.","robots":{"index":"index","follow":"follow","max-snippet":"max-snippet:-1","max-image-preview":"max-image-preview:large","max-video-preview":"max-video-preview:-1"},"canonical":"https:\/\/undo.be\/fr\/suppression-du-compte\/","og_locale":"fr_FR","og_type":"article","og_title":"Suppression de compte UNDO","og_description":"Suppression de votre compte UNDO \u2013 comment faire.","og_url":"https:\/\/undo.be\/fr\/suppression-du-compte\/","og_site_name":"Undo","article_modified_time":"2025-07-30T11:47:16+00:00","twitter_card":"summary_large_image","twitter_misc":{"Est. reading time":"3 minutes"},"schema":{"@context":"https:\/\/schema.org","@graph":[{"@type":"WebPage","@id":"https:\/\/undo.be\/fr\/suppression-du-compte\/","url":"https:\/\/undo.be\/fr\/suppression-du-compte\/","name":"Suppression de compte UNDO","isPartOf":{"@id":"https:\/\/undo.be\/#website"},"datePublished":"2024-07-04T07:55:33+00:00","dateModified":"2025-07-30T11:47:16+00:00","description":"Suppression de votre compte UNDO \u2013 comment faire.","breadcrumb":{"@id":"https:\/\/undo.be\/fr\/suppression-du-compte\/#breadcrumb"},"inLanguage":"fr-FR","potentialAction":[{"@type":"ReadAction","target":["https:\/\/undo.be\/fr\/suppression-du-compte\/"]}]},{"@type":"BreadcrumbList","@id":"https:\/\/undo.be\/fr\/suppression-du-compte\/#breadcrumb","itemListElement":[{"@type":"ListItem","position":1,"name":"Home","item":"https:\/\/undo.be\/fr\/"},{"@type":"ListItem","position":2,"name":"Suppression du Compte"}]},{"@type":"WebSite","@id":"https:\/\/undo.be\/#website","url":"https:\/\/undo.be\/","name":"Undo","description":"","potentialAction":[{"@type":"SearchAction","target":{"@type":"EntryPoint","urlTemplate":"https:\/\/undo.be\/?s={search_term_string}"},"query-input":"required name=search_term_string"}],"inLanguage":"fr-FR"}]}},"_links":{"self":[{"href":"https:\/\/undo.be\/fr\/wp-json\/wp\/v2\/pages\/2540"}],"collection":[{"href":"https:\/\/undo.be\/fr\/wp-json\/wp\/v2\/pages"}],"about":[{"href":"https:\/\/undo.be\/fr\/wp-json\/wp\/v2\/types\/page"}],"author":[{"embeddable":true,"href":"https:\/\/undo.be\/fr\/wp-json\/wp\/v2\/users\/1"}],"replies":[{"embeddable":true,"href":"https:\/\/undo.be\/fr\/wp-json\/wp\/v2\/comments?post=2540"}],"version-history":[{"count":2,"href":"https:\/\/undo.be\/fr\/wp-json\/wp\/v2\/pages\/2540\/revisions"}],"predecessor-version":[{"id":2590,"href":"https:\/\/undo.be\/fr\/wp-json\/wp\/v2\/pages\/2540\/revisions\/2590"}],"wp:attachment":[{"href":"https:\/\/undo.be\/fr\/wp-json\/wp\/v2\/media?parent=2540"}],"curies":[{"name":"wp","href":"https:\/\/api.w.org\/{rel}","templated":true}]}}