{"id":2087,"date":"2024-06-13T16:21:03","date_gmt":"2024-06-13T15:21:03","guid":{"rendered":"https:\/\/dev-wordpress-b29a99704ba4.hyperlane.co\/conditions-generales\/price-list\/"},"modified":"2026-01-14T15:37:13","modified_gmt":"2026-01-14T15:37:13","slug":"price-list","status":"publish","type":"page","link":"https:\/\/undo.be\/fr\/general-conditions\/price-list\/","title":{"rendered":"Price List"},"content":{"rendered":"\n<h1 class=\"wp-block-heading\">Price List<\/h1>\n\n<h3 class=\"wp-block-heading\">COUTS ET COMPENSATIONS SPECIFIQUES<\/h3>\n\n<figure class=\"wp-block-table is-style-regular\"><table><thead><tr><th><\/th><th>TVA incl.<\/th><th>Hors TVA<\/th><\/tr><\/thead><tbody><tr><td><strong>FRAIS POUR UNDO<\/strong><\/td><td><\/td><td><\/td><\/tr><tr><td>Demande de nouvelle carte SIM<\/td><td>10,00 \u20ac<\/td><td>8,26 \u20ac<\/td><\/tr><tr><td>R\u00e9tablissement du service apr\u00e8s suspension\/restriction<\/td><td>Gratuit<\/td><td>Gratuit<\/td><\/tr><tr><td>Rappels de facture impay\u00e9e (\u00e0 partir du 2\u00e8me rappel)<\/td><td>8 \u20ac<\/td><td>6,61 \u20ac<\/td><\/tr><tr><td>Frais administratifs pour l&#8217;externalisation du recouvrement des cr\u00e9ances<\/td><td>&#8211; 20 \u20ac si le montant d\u00fb est inf\u00e9rieur ou \u00e9gal \u00e0 150 \u20ac ;<br\/>&#8211; 30 \u20ac plus 10 % du montant d\u00fb sur la partie comprise entre 150.01 et 500 \u20ac si le montant d\u00fb est compris entre 150.01 et 500 \u20ac ; <br\/>&#8211; 65 \u20ac plus 5 % du montant d\u00fb sur la partie sup\u00e9rieure \u00e0 500 \u20ac, avec un maximum de 2.000 \u20ac si le montant d\u00fb est sup\u00e9rieur \u00e0 500 \u20ac.<\/td><td>&#8211; 20 \u20ac si le montant d\u00fb est inf\u00e9rieur ou \u00e9gal \u00e0 150 \u20ac ;<br\/>&#8211; 30 \u20ac plus 10 % du montant d\u00fb sur la partie comprise entre 150.01 et 500 \u20ac si le montant d\u00fb est compris entre 150.01 et 500 \u20ac ;<br\/>&#8211; 65 \u20ac plus 5 % du montant d\u00fb sur la partie sup\u00e9rieure \u00e0 500 \u20ac, avec un maximum de 2.000 \u20ac si le montant d\u00fb est sup\u00e9rieur \u00e0 500 \u20ac.<\/td><\/tr><tr><td>Demande r\u00e9p\u00e9t\u00e9e de copie de facture (par copie)<\/td><td>4,50 \u20ac<\/td><td>3,72 \u20ac<\/td><\/tr><tr><td>Paiement rejet\u00e9 (par rejet)<\/td><td>5,00 \u20ac<\/td><td>4,13 \u20ac<\/td><\/tr><tr><td><strong>COMPENSATION POUR LE CLIENT<\/strong><\/td><td><\/td><td><\/td><\/tr><tr><td>Indemnisation en cas de cessation injustifi\u00e9e des services ou<br\/>de facturation injustifi\u00e9e de frais de rappel<\/td><td>5,00 \u20ac<\/td><td>4,13 \u20ac<\/td><\/tr><\/tbody><\/table><\/figure>\n","protected":false},"excerpt":{"rendered":"<p>Price List COUTS ET COMPENSATIONS SPECIFIQUES TVA incl. Hors TVA FRAIS POUR UNDO Demande de nouvelle carte SIM 10,00 \u20ac 8,26 \u20ac R\u00e9tablissement du service apr\u00e8s suspension\/restriction Gratuit Gratuit Rappels de facture impay\u00e9e (\u00e0 partir du 2\u00e8me rappel) 8 \u20ac 6,61 \u20ac Frais administratifs pour l&#8217;externalisation du recouvrement des cr\u00e9ances &#8211; 20 \u20ac si le [&hellip;]<\/p>\n","protected":false},"author":1,"featured_media":0,"parent":1977,"menu_order":40,"comment_status":"closed","ping_status":"closed","template":"templates\/tpl-page-container.php","meta":{"_acf_changed":false,"footnotes":""},"acf":[],"yoast_head":"<!-- This site is optimized with the Yoast SEO plugin v22.9 - https:\/\/yoast.com\/wordpress\/plugins\/seo\/ -->\n<title>Liste des prix UNDO<\/title>\n<meta name=\"description\" content=\"Liste des prix UNDO \u2013 transparence totale sur nos tarifs.\" \/>\n<meta name=\"robots\" content=\"index, follow, max-snippet:-1, max-image-preview:large, max-video-preview:-1\" \/>\n<link rel=\"canonical\" href=\"https:\/\/undo.be\/fr\/general-conditions\/price-list\/\" \/>\n<meta property=\"og:locale\" content=\"fr_FR\" \/>\n<meta property=\"og:type\" content=\"article\" \/>\n<meta property=\"og:title\" content=\"Liste des prix UNDO\" \/>\n<meta property=\"og:description\" content=\"Liste des prix UNDO \u2013 transparence totale sur nos tarifs.\" \/>\n<meta property=\"og:url\" content=\"https:\/\/undo.be\/fr\/general-conditions\/price-list\/\" \/>\n<meta property=\"og:site_name\" content=\"Undo\" \/>\n<meta property=\"article:modified_time\" content=\"2026-01-14T15:37:13+00:00\" \/>\n<meta name=\"twitter:card\" content=\"summary_large_image\" \/>\n<meta name=\"twitter:label1\" content=\"Est. reading time\" \/>\n\t<meta name=\"twitter:data1\" content=\"1 minute\" \/>\n<script type=\"application\/ld+json\" class=\"yoast-schema-graph\">{\"@context\":\"https:\/\/schema.org\",\"@graph\":[{\"@type\":\"WebPage\",\"@id\":\"https:\/\/undo.be\/fr\/general-conditions\/price-list\/\",\"url\":\"https:\/\/undo.be\/fr\/general-conditions\/price-list\/\",\"name\":\"Liste des prix UNDO\",\"isPartOf\":{\"@id\":\"https:\/\/undo.be\/#website\"},\"datePublished\":\"2024-06-13T15:21:03+00:00\",\"dateModified\":\"2026-01-14T15:37:13+00:00\",\"description\":\"Liste des prix UNDO \u2013 transparence totale sur nos tarifs.\",\"breadcrumb\":{\"@id\":\"https:\/\/undo.be\/fr\/general-conditions\/price-list\/#breadcrumb\"},\"inLanguage\":\"fr-FR\",\"potentialAction\":[{\"@type\":\"ReadAction\",\"target\":[\"https:\/\/undo.be\/fr\/general-conditions\/price-list\/\"]}]},{\"@type\":\"BreadcrumbList\",\"@id\":\"https:\/\/undo.be\/fr\/general-conditions\/price-list\/#breadcrumb\",\"itemListElement\":[{\"@type\":\"ListItem\",\"position\":1,\"name\":\"Home\",\"item\":\"https:\/\/undo.be\/fr\/\"},{\"@type\":\"ListItem\",\"position\":2,\"name\":\"Bienvenue dans la partie l\u00e9gale\",\"item\":\"https:\/\/undo.be\/fr\/general-conditions\/\"},{\"@type\":\"ListItem\",\"position\":3,\"name\":\"Price List\"}]},{\"@type\":\"WebSite\",\"@id\":\"https:\/\/undo.be\/#website\",\"url\":\"https:\/\/undo.be\/\",\"name\":\"Undo\",\"description\":\"\",\"potentialAction\":[{\"@type\":\"SearchAction\",\"target\":{\"@type\":\"EntryPoint\",\"urlTemplate\":\"https:\/\/undo.be\/?s={search_term_string}\"},\"query-input\":\"required name=search_term_string\"}],\"inLanguage\":\"fr-FR\"}]}<\/script>\n<!-- \/ Yoast SEO plugin. -->","yoast_head_json":{"title":"Liste des prix UNDO","description":"Liste des prix UNDO \u2013 transparence totale sur nos tarifs.","robots":{"index":"index","follow":"follow","max-snippet":"max-snippet:-1","max-image-preview":"max-image-preview:large","max-video-preview":"max-video-preview:-1"},"canonical":"https:\/\/undo.be\/fr\/general-conditions\/price-list\/","og_locale":"fr_FR","og_type":"article","og_title":"Liste des prix UNDO","og_description":"Liste des prix UNDO \u2013 transparence totale sur nos tarifs.","og_url":"https:\/\/undo.be\/fr\/general-conditions\/price-list\/","og_site_name":"Undo","article_modified_time":"2026-01-14T15:37:13+00:00","twitter_card":"summary_large_image","twitter_misc":{"Est. reading time":"1 minute"},"schema":{"@context":"https:\/\/schema.org","@graph":[{"@type":"WebPage","@id":"https:\/\/undo.be\/fr\/general-conditions\/price-list\/","url":"https:\/\/undo.be\/fr\/general-conditions\/price-list\/","name":"Liste des prix UNDO","isPartOf":{"@id":"https:\/\/undo.be\/#website"},"datePublished":"2024-06-13T15:21:03+00:00","dateModified":"2026-01-14T15:37:13+00:00","description":"Liste des prix UNDO \u2013 transparence totale sur nos tarifs.","breadcrumb":{"@id":"https:\/\/undo.be\/fr\/general-conditions\/price-list\/#breadcrumb"},"inLanguage":"fr-FR","potentialAction":[{"@type":"ReadAction","target":["https:\/\/undo.be\/fr\/general-conditions\/price-list\/"]}]},{"@type":"BreadcrumbList","@id":"https:\/\/undo.be\/fr\/general-conditions\/price-list\/#breadcrumb","itemListElement":[{"@type":"ListItem","position":1,"name":"Home","item":"https:\/\/undo.be\/fr\/"},{"@type":"ListItem","position":2,"name":"Bienvenue dans la partie l\u00e9gale","item":"https:\/\/undo.be\/fr\/general-conditions\/"},{"@type":"ListItem","position":3,"name":"Price List"}]},{"@type":"WebSite","@id":"https:\/\/undo.be\/#website","url":"https:\/\/undo.be\/","name":"Undo","description":"","potentialAction":[{"@type":"SearchAction","target":{"@type":"EntryPoint","urlTemplate":"https:\/\/undo.be\/?s={search_term_string}"},"query-input":"required name=search_term_string"}],"inLanguage":"fr-FR"}]}},"_links":{"self":[{"href":"https:\/\/undo.be\/fr\/wp-json\/wp\/v2\/pages\/2087"}],"collection":[{"href":"https:\/\/undo.be\/fr\/wp-json\/wp\/v2\/pages"}],"about":[{"href":"https:\/\/undo.be\/fr\/wp-json\/wp\/v2\/types\/page"}],"author":[{"embeddable":true,"href":"https:\/\/undo.be\/fr\/wp-json\/wp\/v2\/users\/1"}],"replies":[{"embeddable":true,"href":"https:\/\/undo.be\/fr\/wp-json\/wp\/v2\/comments?post=2087"}],"version-history":[{"count":4,"href":"https:\/\/undo.be\/fr\/wp-json\/wp\/v2\/pages\/2087\/revisions"}],"predecessor-version":[{"id":6296,"href":"https:\/\/undo.be\/fr\/wp-json\/wp\/v2\/pages\/2087\/revisions\/6296"}],"up":[{"embeddable":true,"href":"https:\/\/undo.be\/fr\/wp-json\/wp\/v2\/pages\/1977"}],"wp:attachment":[{"href":"https:\/\/undo.be\/fr\/wp-json\/wp\/v2\/media?parent=2087"}],"curies":[{"name":"wp","href":"https:\/\/api.w.org\/{rel}","templated":true}]}}