{"id":2085,"date":"2024-06-13T16:43:38","date_gmt":"2024-06-13T15:43:38","guid":{"rendered":"https:\/\/dev-wordpress-b29a99704ba4.hyperlane.co\/conditions-generales\/cookies\/"},"modified":"2025-07-30T12:35:37","modified_gmt":"2025-07-30T11:35:37","slug":"cookies","status":"publish","type":"page","link":"https:\/\/undo.be\/fr\/general-conditions\/cookies\/","title":{"rendered":"Cookies"},"content":{"rendered":"\n<h1 class=\"wp-block-heading\">Politique d\u2019utilisation des cookies<\/h1>\n\n<h2 class=\"wp-block-heading\">En quoi consistent les cookies ?<\/h2>\n\n<p>Les cookies sont de petits fichiers textuels que le site web de UNDO peut placer sur votre appareil pour adapter le site web \u00e0 vos pr\u00e9f\u00e9rences, vous proposer des publicit\u00e9s personnalis\u00e9es et contribuer \u00e0 am\u00e9liorer le site web et l\u2019exp\u00e9rience de l\u2019utilisateur. Ces fichiers textuels contiennent des valeurs num\u00e9riques ou alphanum\u00e9riques qui reprennent vos pr\u00e9f\u00e9rences ou d\u2019autres param\u00e8tres (tels qu\u2019un identifiant unique).<\/p>\n\n<p>Les &#8220;<strong>Cookies essentiels<\/strong>&#8221; sont requis pour permettre la visite de nos sites web et de nos apps et l&#8217;utilisation de certaines parties de ceux-ci. Ces cookies vous permettent par exemple de naviguer entre les diff\u00e9rentes rubriques des sites web et des apps, de compl\u00e9ter des formulaires, de passer des commandes et d&#8217;actualiser le contenu de votre panier. De m\u00eame, lorsque vous souhaitez acc\u00e9der \u00e0 votre compte personnel, par exemple sur le site web UNDO, des cookies sont indispensables pour v\u00e9rifier de mani\u00e8re s\u00fbre votre identit\u00e9 avant d&#8217;accorder l&#8217;acc\u00e8s \u00e0 vos informations personnelles. Si vous refusez ces cookies, certaines rubriques du site web\/app ne fonctionneront pas comme il se doit, voire pas du tout.<\/p>\n\n<p>Un des cookies utilis\u00e9s peut, par exemple, enregistrer la langue que vous avez s\u00e9lectionn\u00e9e lors de votre premi\u00e8re visite sur l\u2019un de nos sites web ou le nom d\u2019utilisateur que vous avez utilis\u00e9 pour l\u2019espace client afin de le remplir automatiquement lors de votre prochaine visite. Gr\u00e2ce \u00e0 ces types de cookies, vous n\u2019aurez pas \u00e0 effectuer ces actions \u00e0 nouveau chaque fois que vous visiterez l\u2019un de nos sites web. Ces types de cookies entrent dans la cat\u00e9gorie des &#8220;<strong>cookies fonctionnels<\/strong>&#8220;. Ils visent \u00e0 garantir un fonctionnement optimal du site web et \u00e0 faire en sorte que vos pr\u00e9f\u00e9rences (telles que la sauvegarde de la langue, de la r\u00e9gion et du contenu de votre panier) soient conserv\u00e9es pour \u00eatre appliqu\u00e9es automatiquement lors de votre prochaine visite sur l\u2019un de nos sites web.<\/p>\n\n<p>Outre les &#8220;cookies fonctionnels&#8221;, des &#8220;<strong>cookies analytiques<\/strong>&#8221; sont \u00e9galement plac\u00e9s sur votre syst\u00e8me. Nous nous effor\u00e7ons d\u2019am\u00e9liorer constamment notre site web et nous utilisons des cookies analytiques \u00e0 cet \u00e9gard. Ils nous permettent de voir quelles pages de nos sites web sont ouvertes plus que d\u2019autres, combien de temps les pages web sont consult\u00e9es en moyenne, comment le visiteur a atteint cette page et de quelle mani\u00e8re il navigue sur le site web. Nous pouvons ainsi nous assurer que toutes les pages sont pertinentes et compl\u00e8tes et que l\u2019exp\u00e9rience utilisateur de notre site web est optimale.<\/p>\n\n<p>En marge des &#8220;cookies analytiques&#8221;, nous pla\u00e7ons aussi des cookies sur votre syst\u00e8me \u00e0 des fins de marketing. Le but de ces cookies est d\u2019adapter les informations (publicit\u00e9s) qui vous sont pr\u00e9sent\u00e9es sur notre site web, mais aussi sur d\u2019autres sites web qui affichent des publicit\u00e9s de produits ou de services de UNDO susceptibles de vous int\u00e9resser (sur la base de vos pr\u00e9c\u00e9dentes visites sur l\u2019un des sites web d\u2019UNDO). Ces cookies font partie de la cat\u00e9gorie des &#8220;cookies de marketing&#8221;. Les valeurs que ces cookies contiennent sont g\u00e9n\u00e9ralement des identifiants uniques avec lesquels UNDO, ainsi que d\u2019autres services tiers, peuvent vous identifier lorsque vous visitez un autre site web afin d\u2019afficher des publicit\u00e9s pertinentes d\u2019UNDO.<\/p>\n\n<p><strong>Autres traceurs que les cookies (pixel, javascript&#8230;)<\/strong> : Certaines de nos pages web peuvent collecter des informations sur votre comportement sur notre site web UNDO si vous acceptez le consentement correspondant en mati\u00e8re de cookies. Ces informations peuvent \u00eatre partag\u00e9es avec des tiers tels que Facebook, Twitter, TikTok, etc afin d&#8217;am\u00e9liorer l&#8217;efficacit\u00e9 de nos propres campagnes de publicit\u00e9 num\u00e9rique, par exemple en incluant nos clients pour promouvoir des offres sp\u00e9cifiques de UNDO ou en les excluant des campagnes promouvant un produit qu&#8217;ils poss\u00e8dent d\u00e9j\u00e0 ou pour lequel ils ne sont pas \u00e9ligibles.<\/p>\n\n<h2 class=\"wp-block-heading\">2. Qui installe ces cookies ?<\/h2>\n\n<p>Les cookies de premi\u00e8re partie (first party) sont des cookies install\u00e9s et g\u00e9r\u00e9s par UNDO. Ils sont sp\u00e9cifiques au site web UNDO visit\u00e9 ou \u00e0 l&#8217;app UNDO utilis\u00e9e.<\/p>\n\n<p>Les cookies de tiers (third party) sont des cookies install\u00e9s et g\u00e9r\u00e9s par un tiers. Ils sont install\u00e9s pendant votre navigation sur un site web UNDO ou pendant votre utilisation d&#8217;une app UNDO. Ils permettent que certaines donn\u00e9es soient envoy\u00e9es \u00e0 des tiers lors de votre navigation sur le site web de UNDO ou votre utilisation d&#8217;une app UNDO.<\/p>\n\n<h2 class=\"wp-block-heading\">3. Quand les cookies seront-ils plac\u00e9s sur mon syst\u00e8me ?<\/h2>\n\n<p>D\u00e8s que vous commencez \u00e0 naviguer sur l\u2019un de nos sites web, tous les cookies (d\u00e9crits ci-apr\u00e8s dans la pr\u00e9sente politique) sont plac\u00e9s sur votre syst\u00e8me et vous donnez \u00e0 UNDO l\u2019autorisation d\u2019utiliser les donn\u00e9es de ces cookies pour adapter le site web selon vos pr\u00e9f\u00e9rences, pour vous proposer des publicit\u00e9s personnalis\u00e9es et pour am\u00e9liorer nos sites web.<\/p>\n\n<h2 class=\"wp-block-heading\">4. Combien de temps les cookies sont-ils conserv\u00e9s ?<\/h2>\n\n<p>Les cookies temporaires (les cookies de session) sont stock\u00e9s dans votre navigateur ou app de mani\u00e8re provisoire. Ils sont effac\u00e9s automatiquement d\u00e8s que vous fermez votre navigateur ou app.<\/p>\n\n<p>Les cookies permanents restent sur votre ordinateur ou appareil mobile, m\u00eame lorsque vous fermez le navigateur ou l&#8217;app. Ils permettent de vous reconna\u00eetre lors de vos visites suivantes, et restent sur votre appareil jusqu&#8217;\u00e0 leur \u00e9ch\u00e9ance, jusqu\u2019\u00e0 ce qu&#8217;une nouvelle version du cookie soit install\u00e9e ou que vous les effaciez manuellement.<\/p>\n\n<h2 class=\"wp-block-heading\">5. Quel est l&#8217;impact de votre choix en mati\u00e8re de cookies ?<\/h2>\n\n<p>Si vous exprimez votre choix sur le site web ou l\u2019app UNDO, ce choix restera applicable pour tous les sites web de UNDO. Si vous utilisez plusieurs navigateurs (par exemple Internet Explorer, Safari ou Chrome), vous devrez r\u00e9p\u00e9ter votre choix pour chaque navigateur.<\/p>\n\n<p>Si vous d\u00e9cidez de retirer votre consentement concernant les cookies pour quelque raison que ce soit, votre choix sera pris en compte sur nos sites UNDO mais nous ne pouvons malheureusement pas propager ces informations \u00e0 des tiers comme Google, Soundcloud&#8230; C\u2019est pourquoi nous vous recommandons d&#8217;effacer vos cookies depuis votre navigateur, afin d\u2019\u00e9viter que ces parties tierces puissent vous traquer en dehors de l\u2019environnement UNDO.<\/p>\n\n<h2 class=\"wp-block-heading\">6. Quels cookies UNDO va-t-il installer sur mon syst\u00e8me ?<\/h2>\n\n<p>L\u2019interface de gestion des cookies pr\u00e9sente une liste \u00e0 jour des cookies actuels pour le site web et les app de UNDO et tous les sous-sites\/sous-domaines. Cette liste est un instantan\u00e9 des cookies actuels pour le site web et les app de UNDO et tous les sous-sites\/sous-domaines.<\/p>\n\n<h2 class=\"wp-block-heading\">7. Comment puis-je bloquer les cookies ?<\/h2>\n\n<p>Le processus de gestion\/blocage des cookies est diff\u00e9rent pour chaque navigateur. Vous trouverez ci-dessous les processus pour les navigateurs les plus courants :<\/p>\n\n<ul>\n<li><strong>Param\u00e8tres du navigateur<\/strong><br\/>Dans les param\u00e8tres de votre navigateur, vous avez la possibilit\u00e9 de refuser l\u2019installation de cookies. Vous trouverez plus d\u2019informations sur la suppression des cookies ou la gestion des param\u00e8tres de cookies de votre navigateur dans la liste suivante : <br\/>\u2013 Google Chrome : https:\/\/support.google.com\/chrome\/answer\/95647?hl=fr<br\/>\u2013 Firefox : https:\/\/support.mozilla.org\/fr\/kb\/activer-desactiver-cookies-preferences 1<br\/>\u2013 Firefox (mobile) : https:\/\/support.mozilla.org\/fr\/kb\/supprimer-donnees-perso-firefoxandroid<br\/>\u2013 Internet Explorer : https:\/\/support.microsoft.com\/fr-fr\/help\/17442\/windows-internetexplorer-delete-manage-cookies<br\/>\u2013 Microsoft Edge : https:\/\/support.microsoft.com\/fr-fr\/microsoft-edge\/supprimer-lescookies-dans-microsoft-edge-63947406-40ac-c3b8-57b9-2a946a29ae09<br\/>\u2013 Safari (iOS) : https:\/\/support.apple.com\/fr-be\/HT201265<br\/>\u2013 Safari (MacOS) : https:\/\/support.apple.com\/kb\/ph21411?locale=fr_CA <\/li>\n\n\n\n<li><strong>Suppression des cookies :<\/strong><br\/>Vous pouvez \u00e0 tout moment supprimer les cookies d\u00e9j\u00e0 install\u00e9s sur votre ordinateur ou votre appareil mobile.<\/li>\n\n\n\n<li><strong>Refus des cookies commerciaux :<\/strong><br\/>Si vous souhaitez refuser les cookies commerciaux (par exemple ceux de Google ou de Criteo), vous pouvez le faire via le site web suivant : http:\/\/www.youronlinechoices.com\/<br\/><br\/>Si vous ne souhaitez pas recevoir de publicit\u00e9 sur la base de vos habitudes de navigation et des cookies de remarketing, comme celui de Google, vous pouvez modifier les param\u00e8tres du <a href=\"https:\/\/myadcenter.google.com\/?sasb=true\">Google Ads Preferences Manager<\/a>. Google recommande \u00e9galement l&#8217;installation du navigateur Google Analytics Opt-out Browser Add-on.<\/li>\n<\/ul>\n\n<p><\/p>\n","protected":false},"excerpt":{"rendered":"<p>Politique d\u2019utilisation des cookies En quoi consistent les cookies ? Les cookies sont de petits fichiers textuels que le site web de UNDO peut placer sur votre appareil pour adapter le site web \u00e0 vos pr\u00e9f\u00e9rences, vous proposer des publicit\u00e9s personnalis\u00e9es et contribuer \u00e0 am\u00e9liorer le site web et l\u2019exp\u00e9rience de l\u2019utilisateur. Ces fichiers textuels [&hellip;]<\/p>\n","protected":false},"author":1,"featured_media":0,"parent":1977,"menu_order":41,"comment_status":"closed","ping_status":"closed","template":"templates\/tpl-page-container.php","meta":{"_acf_changed":false,"footnotes":""},"acf":[],"yoast_head":"<!-- This site is optimized with the Yoast SEO plugin v22.9 - https:\/\/yoast.com\/wordpress\/plugins\/seo\/ -->\n<title>Politique de cookies UNDO<\/title>\n<meta name=\"description\" content=\"Politique de cookies UNDO \u2013 comment nous utilisons les cookies.\" \/>\n<meta name=\"robots\" content=\"index, follow, max-snippet:-1, max-image-preview:large, max-video-preview:-1\" \/>\n<link rel=\"canonical\" href=\"https:\/\/undo.be\/fr\/general-conditions\/cookies\/\" \/>\n<meta property=\"og:locale\" content=\"fr_FR\" \/>\n<meta property=\"og:type\" content=\"article\" \/>\n<meta property=\"og:title\" content=\"Politique de cookies UNDO\" \/>\n<meta property=\"og:description\" content=\"Politique de cookies UNDO \u2013 comment nous utilisons les cookies.\" \/>\n<meta property=\"og:url\" content=\"https:\/\/undo.be\/fr\/general-conditions\/cookies\/\" \/>\n<meta property=\"og:site_name\" content=\"Undo\" \/>\n<meta property=\"article:modified_time\" content=\"2025-07-30T11:35:37+00:00\" \/>\n<meta name=\"twitter:card\" content=\"summary_large_image\" \/>\n<meta name=\"twitter:label1\" content=\"Est. reading time\" \/>\n\t<meta name=\"twitter:data1\" content=\"7 minutes\" \/>\n<script type=\"application\/ld+json\" class=\"yoast-schema-graph\">{\"@context\":\"https:\/\/schema.org\",\"@graph\":[{\"@type\":\"WebPage\",\"@id\":\"https:\/\/undo.be\/fr\/general-conditions\/cookies\/\",\"url\":\"https:\/\/undo.be\/fr\/general-conditions\/cookies\/\",\"name\":\"Politique de cookies UNDO\",\"isPartOf\":{\"@id\":\"https:\/\/undo.be\/#website\"},\"datePublished\":\"2024-06-13T15:43:38+00:00\",\"dateModified\":\"2025-07-30T11:35:37+00:00\",\"description\":\"Politique de cookies UNDO \u2013 comment nous utilisons les cookies.\",\"breadcrumb\":{\"@id\":\"https:\/\/undo.be\/fr\/general-conditions\/cookies\/#breadcrumb\"},\"inLanguage\":\"fr-FR\",\"potentialAction\":[{\"@type\":\"ReadAction\",\"target\":[\"https:\/\/undo.be\/fr\/general-conditions\/cookies\/\"]}]},{\"@type\":\"BreadcrumbList\",\"@id\":\"https:\/\/undo.be\/fr\/general-conditions\/cookies\/#breadcrumb\",\"itemListElement\":[{\"@type\":\"ListItem\",\"position\":1,\"name\":\"Home\",\"item\":\"https:\/\/undo.be\/fr\/\"},{\"@type\":\"ListItem\",\"position\":2,\"name\":\"Bienvenue dans la partie l\u00e9gale\",\"item\":\"https:\/\/undo.be\/fr\/general-conditions\/\"},{\"@type\":\"ListItem\",\"position\":3,\"name\":\"Cookies\"}]},{\"@type\":\"WebSite\",\"@id\":\"https:\/\/undo.be\/#website\",\"url\":\"https:\/\/undo.be\/\",\"name\":\"Undo\",\"description\":\"\",\"potentialAction\":[{\"@type\":\"SearchAction\",\"target\":{\"@type\":\"EntryPoint\",\"urlTemplate\":\"https:\/\/undo.be\/?s={search_term_string}\"},\"query-input\":\"required name=search_term_string\"}],\"inLanguage\":\"fr-FR\"}]}<\/script>\n<!-- \/ Yoast SEO plugin. -->","yoast_head_json":{"title":"Politique de cookies UNDO","description":"Politique de cookies UNDO \u2013 comment nous utilisons les cookies.","robots":{"index":"index","follow":"follow","max-snippet":"max-snippet:-1","max-image-preview":"max-image-preview:large","max-video-preview":"max-video-preview:-1"},"canonical":"https:\/\/undo.be\/fr\/general-conditions\/cookies\/","og_locale":"fr_FR","og_type":"article","og_title":"Politique de cookies UNDO","og_description":"Politique de cookies UNDO \u2013 comment nous utilisons les cookies.","og_url":"https:\/\/undo.be\/fr\/general-conditions\/cookies\/","og_site_name":"Undo","article_modified_time":"2025-07-30T11:35:37+00:00","twitter_card":"summary_large_image","twitter_misc":{"Est. reading time":"7 minutes"},"schema":{"@context":"https:\/\/schema.org","@graph":[{"@type":"WebPage","@id":"https:\/\/undo.be\/fr\/general-conditions\/cookies\/","url":"https:\/\/undo.be\/fr\/general-conditions\/cookies\/","name":"Politique de cookies UNDO","isPartOf":{"@id":"https:\/\/undo.be\/#website"},"datePublished":"2024-06-13T15:43:38+00:00","dateModified":"2025-07-30T11:35:37+00:00","description":"Politique de cookies UNDO \u2013 comment nous utilisons les cookies.","breadcrumb":{"@id":"https:\/\/undo.be\/fr\/general-conditions\/cookies\/#breadcrumb"},"inLanguage":"fr-FR","potentialAction":[{"@type":"ReadAction","target":["https:\/\/undo.be\/fr\/general-conditions\/cookies\/"]}]},{"@type":"BreadcrumbList","@id":"https:\/\/undo.be\/fr\/general-conditions\/cookies\/#breadcrumb","itemListElement":[{"@type":"ListItem","position":1,"name":"Home","item":"https:\/\/undo.be\/fr\/"},{"@type":"ListItem","position":2,"name":"Bienvenue dans la partie l\u00e9gale","item":"https:\/\/undo.be\/fr\/general-conditions\/"},{"@type":"ListItem","position":3,"name":"Cookies"}]},{"@type":"WebSite","@id":"https:\/\/undo.be\/#website","url":"https:\/\/undo.be\/","name":"Undo","description":"","potentialAction":[{"@type":"SearchAction","target":{"@type":"EntryPoint","urlTemplate":"https:\/\/undo.be\/?s={search_term_string}"},"query-input":"required name=search_term_string"}],"inLanguage":"fr-FR"}]}},"_links":{"self":[{"href":"https:\/\/undo.be\/fr\/wp-json\/wp\/v2\/pages\/2085"}],"collection":[{"href":"https:\/\/undo.be\/fr\/wp-json\/wp\/v2\/pages"}],"about":[{"href":"https:\/\/undo.be\/fr\/wp-json\/wp\/v2\/types\/page"}],"author":[{"embeddable":true,"href":"https:\/\/undo.be\/fr\/wp-json\/wp\/v2\/users\/1"}],"replies":[{"embeddable":true,"href":"https:\/\/undo.be\/fr\/wp-json\/wp\/v2\/comments?post=2085"}],"version-history":[{"count":3,"href":"https:\/\/undo.be\/fr\/wp-json\/wp\/v2\/pages\/2085\/revisions"}],"predecessor-version":[{"id":5985,"href":"https:\/\/undo.be\/fr\/wp-json\/wp\/v2\/pages\/2085\/revisions\/5985"}],"up":[{"embeddable":true,"href":"https:\/\/undo.be\/fr\/wp-json\/wp\/v2\/pages\/1977"}],"wp:attachment":[{"href":"https:\/\/undo.be\/fr\/wp-json\/wp\/v2\/media?parent=2085"}],"curies":[{"name":"wp","href":"https:\/\/api.w.org\/{rel}","templated":true}]}}