{"id":2083,"date":"2024-06-13T16:49:06","date_gmt":"2024-06-13T15:49:06","guid":{"rendered":"https:\/\/dev-wordpress-b29a99704ba4.hyperlane.co\/conditions-generales\/consumer\/"},"modified":"2025-07-30T12:32:19","modified_gmt":"2025-07-30T11:32:19","slug":"consumer","status":"publish","type":"page","link":"https:\/\/undo.be\/fr\/general-conditions\/consumer\/","title":{"rendered":"Consumer"},"content":{"rendered":"\n<h1 class=\"wp-block-heading\">Informations consommateurs<\/h1>\n\n<h2 class=\"wp-block-heading\">1. G\u00e9n\u00e9ral<\/h2>\n\n<p>Sauf en cas de &#8220;force majeure&#8221;, le d\u00e9lai de livraison des marchandises est de 3 jours minimum et 30 jours maximum et le d\u00e9lai de livraison des services est de 2 jours minimum et 10 jours maximum.<\/p>\n\n<p>Les biens neufs achet\u00e9s par les consommateurs sont soumis \u00e0 une garantie de 2 ans conform\u00e9ment au Code civil belge. Les biens d&#8217;occasion achet\u00e9s par les consommateurs sont soumis \u00e0 une garantie de 2 ans conform\u00e9ment \u00e0 la politique du revendeur.<\/p>\n\n<h2 class=\"wp-block-heading\">2. Plainte<\/h2>\n\n<p>En cas de plainte, les clients peuvent contacter le service client\u00e8le d&#8217;UNDO, t\u00e9l\u00e9phone +32 490 46 19 99 \/ email : info@undo.be ou le service de m\u00e9diation des t\u00e9l\u00e9communications (Boulevard du Roi Albert II 8 boite 3, 1000 Bruxelles, t\u00e9l. +32 2 223 09 09, klachten@ombudsmantelecom.be) ou par la plateforme de r\u00e9solution des litiges en ligne (http:\/\/ec.europa.eu\/odr).<\/p>\n\n<h2 class=\"wp-block-heading\">3. Droit de r\u00e9tractation<\/h2>\n\n<ol>\n<li>Si le contrat est conclu \u00e0 distance ou en dehors des locaux d&#8217;UNDO ou de ses agents agr\u00e9\u00e9s, le client \u201cconsommateur\u201d a le droit de se retracter du contrat, sans donner de raison, dans un d\u00e9lai de 14 jours calendaires. Ce droit n&#8217;est ouvert qu&#8217;aux personnes physiques qui agissent \u00e0 des fins qui ne rel\u00e8vent pas de leur activit\u00e9 professionnelle.<\/li>\n\n\n\n<li>Le d\u00e9lai de r\u00e9tractation expire 14 jours civils apr\u00e8s le jour de la livraison des biens si le contrat porte sur la vente de biens et 14 jours civils apr\u00e8s le jour de la conclusion du contrat si le contrat est un contrat de service ou porte sur un contenu num\u00e9rique qui n&#8217;est pas fourni sur un support physique.<\/li>\n\n\n\n<li>Pour exercer son droit de r\u00e9tractation, le client doit informer UNDO de sa d\u00e9cision de se r\u00e9tracter du contrat au moyen d&#8217;une d\u00e9claration non \u00e9quivoque. Pour ce faire, le client peut contacter le service client\u00e8le d&#8217;UNDO au 1989 (num\u00e9ro gratuit \u00e0 partir d&#8217;un t\u00e9l\u00e9phone portable UNDO) ou au +32 490 46 19 99 \u00e0 partir d&#8217;un autre appareil (tarif local), envoyer un e-mail \u00e0 info@undo.be ou envoyer sa d\u00e9cision par courrier au service client\u00e8le d&#8217;UNDO, Chauss\u00e9e de La Hulpe 177, Bo\u00eete 11, B-1170 Bruxelles. Le client peut, sans y \u00eatre oblig\u00e9, utiliser le formulaire de r\u00e9tractation standard figurant en annexe. Pour respecter le d\u00e9lai de r\u00e9tractation, il suffit que le client envoie la notification de sa d\u00e9cision d&#8217;exercer son droit de r\u00e9tractation avant l&#8217;expiration du d\u00e9lai de r\u00e9tractation.<\/li>\n\n\n\n<li>Si le client se r\u00e9tracte du contrat, il r\u00e9cup\u00e8re tous les paiements qu&#8217;il a d\u00e9j\u00e0 effectu\u00e9s \u00e0 ce moment-l\u00e0, y compris les frais de livraison (\u00e0 l&#8217;exception des frais suppl\u00e9mentaires li\u00e9s \u00e0 son choix d&#8217;un mode de livraison autre que le mode de livraison standard moins co\u00fbteux propos\u00e9 par UNDO). Les frais d&#8217;installation qui ont \u00e9t\u00e9 r\u00e9serv\u00e9s avant la r\u00e9tractation afin de fournir des services au client ne sont pas rembours\u00e9s. Si le contrat est un contrat de service et que le client a demand\u00e9 l&#8217;ex\u00e9cution des services pendant le d\u00e9lai de r\u00e9tractation, un montant correspondant aux services d\u00e9j\u00e0 fournis au moment o\u00f9 le client a inform\u00e9 UNDO qu&#8217;il exer\u00e7ait son droit de r\u00e9tractation pourra \u00eatre factur\u00e9.<\/li>\n\n\n\n<li>Le remboursement est effectu\u00e9 au plus tard 14 jours calendriers apr\u00e8s qu&#8217;UNDO a \u00e9t\u00e9 inform\u00e9e de la d\u00e9cision du client de se r\u00e9tracter du contrat. En cas de vente de marchandises, UNDO peut diff\u00e9rer le remboursement jusqu&#8217;\u00e0 ce qu&#8217;elle ait r\u00e9cup\u00e9r\u00e9 les marchandises ou jusqu&#8217;\u00e0 ce que le client ait d\u00e9montr\u00e9 qu&#8217;il a retourn\u00e9 les marchandises, selon l&#8217;\u00e9v\u00e9nement qui survient en premier.<\/li>\n\n\n\n<li>Pour ledit remboursement, UNDO adopte le mode de paiement que le client a utilis\u00e9 pour la transaction initiale, sauf si le client consent \u00e0 l&#8217;utilisation d&#8217;un autre mode de paiement. Aucun frais suppl\u00e9mentaire ne sera factur\u00e9 au client pour ce remboursement.<\/li>\n\n\n\n<li>Si le client a re\u00e7u des biens en vertu du contrat, il est tenu de contacter UNDO afin d&#8217;obtenir des instructions pour organiser leur renvoi. Les marchandises doivent \u00eatre renvoy\u00e9es aux frais du client et au plus tard 14 jours civils apr\u00e8s que le client ait notifi\u00e9 \u00e0 UNDO sa d\u00e9cision de se r\u00e9tracter. Les marchandises doivent \u00eatre retourn\u00e9es intactes et dans leur emballage d&#8217;origine.<\/li>\n\n\n\n<li>Le client est responsable de la v\u00e9rification de la nature, des caract\u00e9ristiques et du bon fonctionnement des biens ainsi que de toute perte de valeur des biens due \u00e0 une utilisation inappropri\u00e9e.<\/li>\n\n\n\n<li>En cas de livraison de contenu num\u00e9rique non fourni sur un support physique, le client reconna\u00eet qu&#8217;il perd son droit de r\u00e9tractation si l&#8217;ex\u00e9cution a commenc\u00e9 avec son consentement pr\u00e9alable.<\/li>\n<\/ol>\n\n<h2 class=\"wp-block-heading\">4. R\u00e9siliation du contrat<\/h2>\n\n<p>Sauf accord contraire du client, le contrat est conclu pour une dur\u00e9e ind\u00e9termin\u00e9e. Le client peut r\u00e9silier le contrat \u00e0 dur\u00e9e ind\u00e9termin\u00e9e \u00e0 tout moment par \u00e9crit. Si le client a re\u00e7u, gratuitement ou \u00e0 prix r\u00e9duit, un produit dont l&#8217;acquisition \u00e9tait li\u00e9e \u00e0 sa souscription \u00e0 un contrat \u00e0 dur\u00e9e d\u00e9termin\u00e9e, il peut lui \u00eatre demand\u00e9 de verser une indemnit\u00e9 suppl\u00e9mentaire.<\/p>\n\n<p>* * * *<br\/>Version : Avril 2023<\/p>\n","protected":false},"excerpt":{"rendered":"<p>Informations consommateurs 1. G\u00e9n\u00e9ral Sauf en cas de &#8220;force majeure&#8221;, le d\u00e9lai de livraison des marchandises est de 3 jours minimum et 30 jours maximum et le d\u00e9lai de livraison des services est de 2 jours minimum et 10 jours maximum. Les biens neufs achet\u00e9s par les consommateurs sont soumis \u00e0 une garantie de 2 [&hellip;]<\/p>\n","protected":false},"author":1,"featured_media":0,"parent":1977,"menu_order":46,"comment_status":"closed","ping_status":"closed","template":"templates\/tpl-page-container.php","meta":{"_acf_changed":false,"footnotes":""},"acf":[],"yoast_head":"<!-- This site is optimized with the Yoast SEO plugin v22.9 - https:\/\/yoast.com\/wordpress\/plugins\/seo\/ -->\n<title>Droits des consommateurs UNDO<\/title>\n<meta name=\"description\" content=\"Vos droits en tant que consommateur UNDO.\" \/>\n<meta name=\"robots\" content=\"index, follow, max-snippet:-1, max-image-preview:large, max-video-preview:-1\" \/>\n<link rel=\"canonical\" href=\"https:\/\/undo.be\/fr\/general-conditions\/consumer\/\" \/>\n<meta property=\"og:locale\" content=\"fr_FR\" \/>\n<meta property=\"og:type\" content=\"article\" \/>\n<meta property=\"og:title\" content=\"Droits des consommateurs UNDO\" \/>\n<meta property=\"og:description\" content=\"Vos droits en tant que consommateur UNDO.\" \/>\n<meta property=\"og:url\" content=\"https:\/\/undo.be\/fr\/general-conditions\/consumer\/\" \/>\n<meta property=\"og:site_name\" content=\"Undo\" \/>\n<meta property=\"article:modified_time\" content=\"2025-07-30T11:32:19+00:00\" \/>\n<meta name=\"twitter:card\" content=\"summary_large_image\" \/>\n<meta name=\"twitter:label1\" content=\"Est. reading time\" \/>\n\t<meta name=\"twitter:data1\" content=\"4 minutes\" \/>\n<script type=\"application\/ld+json\" class=\"yoast-schema-graph\">{\"@context\":\"https:\/\/schema.org\",\"@graph\":[{\"@type\":\"WebPage\",\"@id\":\"https:\/\/undo.be\/fr\/general-conditions\/consumer\/\",\"url\":\"https:\/\/undo.be\/fr\/general-conditions\/consumer\/\",\"name\":\"Droits des consommateurs UNDO\",\"isPartOf\":{\"@id\":\"https:\/\/undo.be\/#website\"},\"datePublished\":\"2024-06-13T15:49:06+00:00\",\"dateModified\":\"2025-07-30T11:32:19+00:00\",\"description\":\"Vos droits en tant que consommateur UNDO.\",\"breadcrumb\":{\"@id\":\"https:\/\/undo.be\/fr\/general-conditions\/consumer\/#breadcrumb\"},\"inLanguage\":\"fr-FR\",\"potentialAction\":[{\"@type\":\"ReadAction\",\"target\":[\"https:\/\/undo.be\/fr\/general-conditions\/consumer\/\"]}]},{\"@type\":\"BreadcrumbList\",\"@id\":\"https:\/\/undo.be\/fr\/general-conditions\/consumer\/#breadcrumb\",\"itemListElement\":[{\"@type\":\"ListItem\",\"position\":1,\"name\":\"Home\",\"item\":\"https:\/\/undo.be\/fr\/\"},{\"@type\":\"ListItem\",\"position\":2,\"name\":\"Bienvenue dans la partie l\u00e9gale\",\"item\":\"https:\/\/undo.be\/fr\/general-conditions\/\"},{\"@type\":\"ListItem\",\"position\":3,\"name\":\"Consumer\"}]},{\"@type\":\"WebSite\",\"@id\":\"https:\/\/undo.be\/#website\",\"url\":\"https:\/\/undo.be\/\",\"name\":\"Undo\",\"description\":\"\",\"potentialAction\":[{\"@type\":\"SearchAction\",\"target\":{\"@type\":\"EntryPoint\",\"urlTemplate\":\"https:\/\/undo.be\/?s={search_term_string}\"},\"query-input\":\"required name=search_term_string\"}],\"inLanguage\":\"fr-FR\"}]}<\/script>\n<!-- \/ Yoast SEO plugin. -->","yoast_head_json":{"title":"Droits des consommateurs UNDO","description":"Vos droits en tant que consommateur UNDO.","robots":{"index":"index","follow":"follow","max-snippet":"max-snippet:-1","max-image-preview":"max-image-preview:large","max-video-preview":"max-video-preview:-1"},"canonical":"https:\/\/undo.be\/fr\/general-conditions\/consumer\/","og_locale":"fr_FR","og_type":"article","og_title":"Droits des consommateurs UNDO","og_description":"Vos droits en tant que consommateur UNDO.","og_url":"https:\/\/undo.be\/fr\/general-conditions\/consumer\/","og_site_name":"Undo","article_modified_time":"2025-07-30T11:32:19+00:00","twitter_card":"summary_large_image","twitter_misc":{"Est. reading time":"4 minutes"},"schema":{"@context":"https:\/\/schema.org","@graph":[{"@type":"WebPage","@id":"https:\/\/undo.be\/fr\/general-conditions\/consumer\/","url":"https:\/\/undo.be\/fr\/general-conditions\/consumer\/","name":"Droits des consommateurs UNDO","isPartOf":{"@id":"https:\/\/undo.be\/#website"},"datePublished":"2024-06-13T15:49:06+00:00","dateModified":"2025-07-30T11:32:19+00:00","description":"Vos droits en tant que consommateur UNDO.","breadcrumb":{"@id":"https:\/\/undo.be\/fr\/general-conditions\/consumer\/#breadcrumb"},"inLanguage":"fr-FR","potentialAction":[{"@type":"ReadAction","target":["https:\/\/undo.be\/fr\/general-conditions\/consumer\/"]}]},{"@type":"BreadcrumbList","@id":"https:\/\/undo.be\/fr\/general-conditions\/consumer\/#breadcrumb","itemListElement":[{"@type":"ListItem","position":1,"name":"Home","item":"https:\/\/undo.be\/fr\/"},{"@type":"ListItem","position":2,"name":"Bienvenue dans la partie l\u00e9gale","item":"https:\/\/undo.be\/fr\/general-conditions\/"},{"@type":"ListItem","position":3,"name":"Consumer"}]},{"@type":"WebSite","@id":"https:\/\/undo.be\/#website","url":"https:\/\/undo.be\/","name":"Undo","description":"","potentialAction":[{"@type":"SearchAction","target":{"@type":"EntryPoint","urlTemplate":"https:\/\/undo.be\/?s={search_term_string}"},"query-input":"required name=search_term_string"}],"inLanguage":"fr-FR"}]}},"_links":{"self":[{"href":"https:\/\/undo.be\/fr\/wp-json\/wp\/v2\/pages\/2083"}],"collection":[{"href":"https:\/\/undo.be\/fr\/wp-json\/wp\/v2\/pages"}],"about":[{"href":"https:\/\/undo.be\/fr\/wp-json\/wp\/v2\/types\/page"}],"author":[{"embeddable":true,"href":"https:\/\/undo.be\/fr\/wp-json\/wp\/v2\/users\/1"}],"replies":[{"embeddable":true,"href":"https:\/\/undo.be\/fr\/wp-json\/wp\/v2\/comments?post=2083"}],"version-history":[{"count":2,"href":"https:\/\/undo.be\/fr\/wp-json\/wp\/v2\/pages\/2083\/revisions"}],"predecessor-version":[{"id":2995,"href":"https:\/\/undo.be\/fr\/wp-json\/wp\/v2\/pages\/2083\/revisions\/2995"}],"up":[{"embeddable":true,"href":"https:\/\/undo.be\/fr\/wp-json\/wp\/v2\/pages\/1977"}],"wp:attachment":[{"href":"https:\/\/undo.be\/fr\/wp-json\/wp\/v2\/media?parent=2083"}],"curies":[{"name":"wp","href":"https:\/\/api.w.org\/{rel}","templated":true}]}}