{"id":2081,"date":"2024-06-13T17:08:55","date_gmt":"2024-06-13T16:08:55","guid":{"rendered":"https:\/\/dev-wordpress-b29a99704ba4.hyperlane.co\/conditions-generales\/terms-of-use\/"},"modified":"2025-07-30T12:30:07","modified_gmt":"2025-07-30T11:30:07","slug":"terms-of-use","status":"publish","type":"page","link":"https:\/\/undo.be\/fr\/general-conditions\/terms-of-use\/","title":{"rendered":"Terms of use"},"content":{"rendered":"\n<h1 class=\"wp-block-heading\">Conditions d\u2019utilisation des site web d\u2019UNDO<\/h1>\n\n<h2 class=\"wp-block-heading\">1. Informations g\u00e9n\u00e9rales<\/h2>\n\n<p>Les pr\u00e9sentes conditions g\u00e9n\u00e9rales (ci-apr\u00e8s d\u00e9nomm\u00e9es &#8221; Conditions d&#8217;utilisation &#8220;) s&#8217;appliquent \u00e0 l&#8217;utilisation de toutes les parties des sites web (y compris les sites mobiles et les pages de m\u00e9dias sociaux) cr\u00e9\u00e9s et\/ou exploit\u00e9s par UNDO srl, Chauss\u00e9e de La Hulpe 177, Bo\u00eete 11, B-1170 Bruxelles (ci-apr\u00e8s d\u00e9nomm\u00e9s les &#8221; Sites &#8220;).<\/p>\n\n<p>Un utilisateur est une personne qui obtient l&#8217;acc\u00e8s aux sites (ci-apr\u00e8s d\u00e9nomm\u00e9e &#8220;Utilisateur&#8221;). En utilisant les Sites, l&#8217;Utilisateur accepte pleinement et inconditionnellement les Conditions d&#8217;utilisation qui s&#8217;y appliquent et s&#8217;engage \u00e0 les respecter. Si l&#8217;Utilisateur n&#8217;est pas d&#8217;accord avec les Conditions d&#8217;utilisation, il doit s&#8217;abstenir de faire quelque usage que ce soit des Sites.<\/p>\n\n<p>En cas de violation des Conditions d&#8217;utilisation, UNDO se r\u00e9serve le droit de refuser l&#8217;acc\u00e8s aux Sites, sans pr\u00e9judice du droit d\u2019UNDO ou de tout tiers de demander r\u00e9paration de tous les dommages directs et indirects subis du fait de la violation.<\/p>\n\n<p>UNDO se r\u00e9serve le droit de modifier les pr\u00e9sentes Conditions d&#8217;utilisation, en tout ou en partie, \u00e0 tout moment et sans pr\u00e9avis. Une consultation r\u00e9guli\u00e8re des pr\u00e9sentes Conditions d&#8217;utilisation est donc recommand\u00e9e, afin de prendre connaissance de leur derni\u00e8re version.<\/p>\n\n<h2 class=\"wp-block-heading\">2. Utilisation des Sites<\/h2>\n\n<p>L&#8217;utilisation des Sites est en principe gratuite.<\/p>\n\n<p>Pour pouvoir utiliser certains Sites, l&#8217;Utilisateur doit s&#8217;inscrire, fournir certaines donn\u00e9es et\/ou cr\u00e9er un code d&#8217;acc\u00e8s et\/ou un mot de passe. Si l&#8217;Utilisateur n&#8217;y consent pas, il ne pourra pas utiliser les parties concern\u00e9es des Sites.<\/p>\n\n<p>Si l&#8217;utilisation de certains Sites est payante, l&#8217;Utilisateur en sera averti \u00e0 l&#8217;avance et sera inform\u00e9 des conditions, des prix et du mode de paiement applicables.<\/p>\n\n<p>UNDO accorde \u00e0 l&#8217;Utilisateur des Sites une licence non exclusive, non transf\u00e9rable et d&#8217;une dur\u00e9e ind\u00e9termin\u00e9e pour t\u00e9l\u00e9charger le contenu des Sites dans le seul but de reproduire ce contenu sur un ordinateur. Toutefois, UNDO peut r\u00e9voquer cette licence \u00e0 tout moment, sans qu&#8217;il lui soit n\u00e9cessaire d&#8217;en donner la raison. L&#8217;Utilisateur peut imprimer une copie du contenu des Sites, \u00e0 condition que ce soit pour son propre usage et que le contenu ne soit pas modifi\u00e9 de quelque mani\u00e8re que ce soit.<\/p>\n\n<p>Les Sites ne peuvent \u00eatre utilis\u00e9s qu&#8217;\u00e0 des fins personnelles et priv\u00e9es par les Clients particuliers, et \u00e0 des fins internes par les Clients professionnels. En cons\u00e9quence, toute utilisation commerciale des Sites est strictement interdite.<\/p>\n\n<p>Les Utilisateurs ne peuvent accomplir aucun acte susceptible de d\u00e9truire les Sites ou de perturber leur bon fonctionnement. En cas d&#8217;utilisation abusive ou inappropri\u00e9e, UNDO se r\u00e9serve le droit de suspendre et\/ou d&#8217;annuler l&#8217;acc\u00e8s de l&#8217;Utilisateur aux Sites, sans pr\u00e9avis ni avertissement officiel.<\/p>\n\n<h2 class=\"wp-block-heading\">3. Droits d&#8217;auteur et droits du producteur de la base de donn\u00e9es<\/h2>\n\n<p>Toutes les marques, droits d&#8217;auteur, brevets, droits de propri\u00e9t\u00e9 intellectuelle et autres droits de propri\u00e9t\u00e9 qui s&#8217;appliquent aux Sites restent, \u00e0 tout moment, la propri\u00e9t\u00e9 d&#8217;UNDO. Les Sites constituent \u00e0 la fois une \u0153uvre prot\u00e9g\u00e9e par le droit d&#8217;auteur et des bases de donn\u00e9es sur lesquelles UNDO d\u00e9tient les droits d&#8217;auteur et les droits des producteurs. Les textes, mises en page, illustrations, photographies, films, graphiques et autres \u00e9l\u00e9ments des Sites sont prot\u00e9g\u00e9s par le droit d&#8217;auteur. La copie, l&#8217;adaptation, la modification, la traduction, le r\u00e9arrangement, la publication, la location ou tout autre type d&#8217;utilisation de l\u2019int\u00e9gralit\u00e9 ou d\u2019une partie des Sites, sous quelque forme ou sur quelque support que ce soit &#8211; \u00e9lectronique, m\u00e9canique ou autre &#8211; est strictement interdite sans l&#8217;accord pr\u00e9alable et \u00e9crit d\u2019 UNDO. Le contenu des bases de donn\u00e9es est prot\u00e9g\u00e9 par le droit sui generis qui autorise le producteur \u00e0 interdire toute r\u00e9cup\u00e9ration et\/ou r\u00e9utilisation de l\u2019int\u00e9gralit\u00e9 ou d\u2019une partie de ce contenu. Toute violation de ces droits peut donner lieu \u00e0 des poursuites p\u00e9nales ou civiles.<\/p>\n\n<h2 class=\"wp-block-heading\">4. Marques et noms commerciaux<\/h2>\n\n<p>Les d\u00e9nominations, logos et autres signes utilis\u00e9s sur les Sites (notamment le logo et le nom UNDO) sont des marques et\/ou noms commerciaux l\u00e9galement prot\u00e9g\u00e9s. Tout usage de ces signes ou de signes similaires est strictement interdit sans le consentement pr\u00e9alable et \u00e9crit d\u2019 UNDO.<\/p>\n\n<h2 class=\"wp-block-heading\">5. Responsabilit\u00e9 civile<\/h2>\n\n<p>UNDO mettra tout en \u0153uvre pour assurer le bon fonctionnement des Sites.<\/p>\n\n<p>Sauf actes d\u00e9lib\u00e9r\u00e9s et\/ou dispositions l\u00e9gales imp\u00e9ratives, UNDO ne peut en aucun cas \u00eatre tenue responsable de toute perte ou dommage (direct, indirect, mat\u00e9riel ou immat\u00e9riel, etc.) r\u00e9sultant : (1) du contenu des Sites. UNDO ne garantit pas l&#8217;exactitude, la pertinence ou l&#8217;exhaustivit\u00e9 de l&#8217;information contenue sur les Sites. L&#8217;information contenue sur les Sites, y compris l&#8217;information concernant les produits et services offerts \u00e0 la vente, peut \u00eatre modifi\u00e9e sans pr\u00e9avis.<\/p>\n\n<p>UNDO apporte le plus grand soin \u00e0 la cr\u00e9ation, la mise \u00e0 jour et la maintenance des Sites. Toutefois, si l&#8217;Utilisateur constate que les Sites contiennent des informations inexactes ou obsoletes, un contenu pr\u00e9judiciable ou ill\u00e9gal, ou s&#8217;il estime qu&#8217;un de ses droits (intellectuels ou autres) a \u00e9t\u00e9 viol\u00e9, il doit le signaler imm\u00e9diatement en contactant le service client\u00e8le d&#8217;UNDO, T\u00e9l\u00e9phone +32 490 46 19 99 \/ email : info@undo.be et fournir les d\u00e9tails suivants :<\/p>\n\n<ul>\n<li>Nom, pr\u00e9nom et adresse \u00e9lectronique;<\/li>\n\n\n\n<li>Une description de l&#8217;emplacement exact du contenu litigieux (quelle image, quelle phrase, etc.);<\/li>\n\n\n\n<li>La raison pour laquelle, selon lui, ce contenu doit \u00eatre modifi\u00e9 ou supprim\u00e9;<\/li>\n\n\n\n<li>Une mention signalant s\u2019il souhaite attirer l&#8217;attention d\u2019UNDO uniquement sur le contenu en question ou s&#8217;il souhaite qu\u2019UNDO consid\u00e8re son message comme une plainte par laquelle il d\u00e9nonce un pr\u00e9judice personnel;<\/li>\n<\/ul>\n\n<p>(2) de l&#8217;utilisation faite des Sites;<\/p>\n\n<p>(3) de la s\u00e9curit\u00e9 des sites. Ceci s&#8217;applique, entre autres, mais de mani\u00e8re non limitative, aux \u00e9ventuels virus, erreurs et fraudes informatiques;<\/p>\n\n<p>(4) de l&#8217;accessibilit\u00e9\/disponibilit\u00e9 des Sites. UNDO ne garantit pas que toutes les fonctions des Sites seront toujours, par tous les moyens techniques, disponibles sans d\u00e9fauts ou interruptions ou que les d\u00e9fauts ou interruptions seront r\u00e9par\u00e9s imm\u00e9diatement. En outre, UNDO peut refuser ou interrompre l&#8217;acc\u00e8s aux Sites \u00e0 tout moment et sans pr\u00e9avis.<\/p>\n\n<p>UNDO ne peut en aucun cas \u00eatre tenue responsable des services et\/ou produits, ou de leur facturation, si ceux-ci sont offerts par des tiers et sont accessibles via les Sites, m\u00eame si UNDO re\u00e7oit un paiement \u00e0 cet effet ou si UNDO s&#8217;occupe de la facturation de ces services et\/ou produits pour le compte de tiers.<\/p>\n\n<p>Dans tous les cas o\u00f9 la responsabilit\u00e9 d&#8217;UNDO est engag\u00e9e, sa responsabilit\u00e9 sera limit\u00e9e \u00e0 100 \u20ac (cent euros).<\/p>\n\n<p>Les limitations et\/ou exclusions de responsabilit\u00e9 d&#8217;UNDO susmentionn\u00e9es s&#8217;appliquent dans la mesure o\u00f9 elles sont valables en vertu du droit applicable.<\/p>\n\n<h2 class=\"wp-block-heading\">6. Confidentialit\u00e9 &#8211; Cookies<\/h2>\n\n<p>Pour plus d&#8217;informations, consultez la politique de confidentialit\u00e9 d&#8217;UNDO <a href=\"https:\/\/undo.be\/fr\/privacy-policy\/\">ici<\/a> et la politique en mati\u00e8re de cookies <a href=\"https:\/\/undo.be\/fr\/general-conditions\/cookies\/\">ici<\/a>.<\/p>\n\n<h2 class=\"wp-block-heading\"><strong>7. Contributions des Utilisateurs<\/strong><\/h2>\n\n<p>Les Utilisateurs peuvent partager du contenu (vid\u00e9o, audio, texte, mat\u00e9riel photographique, etc.) \u00e0 certains endroits des Sites (ci-apr\u00e8s d\u00e9nomm\u00e9 &#8221; Contributions &#8220;). Les Utilisateurs accordent \u00e0 UNDO l&#8217;autorisation expresse de reproduire ces Contributions sur les Sites et donc de les partager avec le public via Internet, dans le monde entier et sans limitation dans le temps, sans pouvoir pr\u00e9tendre \u00e0 une quelconque r\u00e9mun\u00e9ration financi\u00e8re ou autre en contrepartie.<\/p>\n\n<p>Les Utilisateurs sont enti\u00e8rement et uniquement responsables du contenu de leurs Contributions et des cons\u00e9quences de leur diffusion via les Sites. Les Utilisateurs garantissent qu&#8217;ils poss\u00e8dent tous les droits et\/ou autorisations n\u00e9cessaires \u00e0 la publication sur les Sites tels que d\u00e9crits ci-dessus. Les Utilisateurs pr\u00e9munissent UNDO contre toute plainte, r\u00e9clamation ou action de tiers ou de toute entit\u00e9 de contr\u00f4le relative \u00e0 leurs Contributions.<\/p>\n\n<p>UNDO ne proc\u00e8de \u00e0 aucun contr\u00f4le pr\u00e9alable des Contributions. Toutefois, dans le cas de Contributions illicites ou dont on peut raisonnablement penser qu&#8217;elles constituent une atteinte aux droits de tiers, UNDO se r\u00e9serve le droit de ne pas les diffuser ou de les retirer de ses Sites, sans en avertir pr\u00e9alablement l&#8217;Utilisateur qui a soumis le contenu.<\/p>\n\n<h2 class=\"wp-block-heading\">8. Les contributions ill\u00e9gales, nuisibles, inappropri\u00e9es des Utilisateurs et la proc\u00e9dure de notification et de retrait<\/h2>\n\n<p>Pour cela, veuillez consulter <a href=\"https:\/\/undo.be\/fr\/general-conditions\/\">ici<\/a> les conditions d&#8217;utilisation d&#8217;un acc\u00e8s Internet via le r\u00e9seau UNDO.<\/p>\n\n<h2 class=\"wp-block-heading\">9. Hyperliens<\/h2>\n\n<p>Si les Sites contiennent des hyperliens (directement ou par l&#8217;interm\u00e9diaire de moteurs de recherche) vers des sites Internet qui ne lui appartiennent pas, UNDO ne peut \u00eatre tenue responsable ni de ces liens ni du contenu ou de l&#8217;existence de ces autres sites. La pr\u00e9sence de tels liens ne signifie en aucun cas qu\u2019UNDO les approuve ou qu&#8217;il existe des liens avec leurs propri\u00e9taires.<\/p>\n\n<p>Il est interdit d&#8217;ins\u00e9rer sur les Sites des hyperliens qui m\u00e8nent \u00e0 un autre site, sans l&#8217;autorisation \u00e9crite pr\u00e9alable d&#8217;UNDO.<\/p>\n\n<h2 class=\"wp-block-heading\">10. Nullit\u00e9 d&#8217;une disposition<\/h2>\n\n<p>La nullit\u00e9, l&#8217;invalidit\u00e9 ou l&#8217;inapplicabilit\u00e9 d&#8217;une ou plusieurs dispositions des Conditions d&#8217;utilisation n&#8217;entra\u00eenera pas la nullit\u00e9, l&#8217;invalidit\u00e9 ou l&#8217;inapplicabilit\u00e9 des Conditions dans leur int\u00e9gralit\u00e9. La disposition, enti\u00e8rement ou partiellement nulle, invalide ou inapplicable, sera r\u00e9put\u00e9e non \u00e9crite, toutes les autres dispositions restant pleinement applicables. La disposition d\u00e9clar\u00e9e nulle sera alors remplac\u00e9e par une autre disposition ayant le m\u00eame effet.<\/p>\n\n<h2 class=\"wp-block-heading\">11. Renonciation aux droits<\/h2>\n\n<p>Si vous d\u00e9posez une plainte aupr\u00e8s du Bureau du M\u00e9diateur des t\u00e9l\u00e9communications, nous pouvons \u00eatre amen\u00e9s \u00e0 divulguer vos donn\u00e9es audit M\u00e9diateur pour le traitement de votre plainte.<\/p>\n\n<h2 class=\"wp-block-heading\">12. Droit applicable<\/h2>\n\n<p>Le droit belge s&#8217;applique aux Sites. Les tribunaux de Bruxelles sont seuls comp\u00e9tents pour conna\u00eetre des litiges d\u00e9coulant de l&#8217;utilisation des Sites.<\/p>\n\n<p>* * *<\/p>\n\n<p>Version: Avril 2023<\/p>\n\n<p><\/p>\n","protected":false},"excerpt":{"rendered":"<p>Conditions d\u2019utilisation des site web d\u2019UNDO 1. Informations g\u00e9n\u00e9rales Les pr\u00e9sentes conditions g\u00e9n\u00e9rales (ci-apr\u00e8s d\u00e9nomm\u00e9es &#8221; Conditions d&#8217;utilisation &#8220;) s&#8217;appliquent \u00e0 l&#8217;utilisation de toutes les parties des sites web (y compris les sites mobiles et les pages de m\u00e9dias sociaux) cr\u00e9\u00e9s et\/ou exploit\u00e9s par UNDO srl, Chauss\u00e9e de La Hulpe 177, Bo\u00eete 11, B-1170 Bruxelles [&hellip;]<\/p>\n","protected":false},"author":1,"featured_media":0,"parent":1977,"menu_order":49,"comment_status":"closed","ping_status":"closed","template":"templates\/tpl-page-container.php","meta":{"_acf_changed":false,"footnotes":""},"acf":[],"yoast_head":"<!-- This site is optimized with the Yoast SEO plugin v22.9 - https:\/\/yoast.com\/wordpress\/plugins\/seo\/ -->\n<title>Conditions d\u2019utilisation UNDO<\/title>\n<meta name=\"description\" content=\"Conditions d\u2019utilisation du site et de l\u2019app UNDO.\" \/>\n<meta name=\"robots\" content=\"index, follow, max-snippet:-1, max-image-preview:large, max-video-preview:-1\" \/>\n<link rel=\"canonical\" href=\"https:\/\/undo.be\/fr\/general-conditions\/terms-of-use\/\" \/>\n<meta property=\"og:locale\" content=\"fr_FR\" \/>\n<meta property=\"og:type\" content=\"article\" \/>\n<meta property=\"og:title\" content=\"Conditions d\u2019utilisation UNDO\" \/>\n<meta property=\"og:description\" content=\"Conditions d\u2019utilisation du site et de l\u2019app UNDO.\" \/>\n<meta property=\"og:url\" content=\"https:\/\/undo.be\/fr\/general-conditions\/terms-of-use\/\" \/>\n<meta property=\"og:site_name\" content=\"Undo\" \/>\n<meta property=\"article:modified_time\" content=\"2025-07-30T11:30:07+00:00\" \/>\n<meta name=\"twitter:card\" content=\"summary_large_image\" \/>\n<meta name=\"twitter:label1\" content=\"Est. reading time\" \/>\n\t<meta name=\"twitter:data1\" content=\"8 minutes\" \/>\n<script type=\"application\/ld+json\" class=\"yoast-schema-graph\">{\"@context\":\"https:\/\/schema.org\",\"@graph\":[{\"@type\":\"WebPage\",\"@id\":\"https:\/\/undo.be\/fr\/general-conditions\/terms-of-use\/\",\"url\":\"https:\/\/undo.be\/fr\/general-conditions\/terms-of-use\/\",\"name\":\"Conditions d\u2019utilisation UNDO\",\"isPartOf\":{\"@id\":\"https:\/\/undo.be\/#website\"},\"datePublished\":\"2024-06-13T16:08:55+00:00\",\"dateModified\":\"2025-07-30T11:30:07+00:00\",\"description\":\"Conditions d\u2019utilisation du site et de l\u2019app UNDO.\",\"breadcrumb\":{\"@id\":\"https:\/\/undo.be\/fr\/general-conditions\/terms-of-use\/#breadcrumb\"},\"inLanguage\":\"fr-FR\",\"potentialAction\":[{\"@type\":\"ReadAction\",\"target\":[\"https:\/\/undo.be\/fr\/general-conditions\/terms-of-use\/\"]}]},{\"@type\":\"BreadcrumbList\",\"@id\":\"https:\/\/undo.be\/fr\/general-conditions\/terms-of-use\/#breadcrumb\",\"itemListElement\":[{\"@type\":\"ListItem\",\"position\":1,\"name\":\"Home\",\"item\":\"https:\/\/undo.be\/fr\/\"},{\"@type\":\"ListItem\",\"position\":2,\"name\":\"Bienvenue dans la partie l\u00e9gale\",\"item\":\"https:\/\/undo.be\/fr\/general-conditions\/\"},{\"@type\":\"ListItem\",\"position\":3,\"name\":\"Terms of use\"}]},{\"@type\":\"WebSite\",\"@id\":\"https:\/\/undo.be\/#website\",\"url\":\"https:\/\/undo.be\/\",\"name\":\"Undo\",\"description\":\"\",\"potentialAction\":[{\"@type\":\"SearchAction\",\"target\":{\"@type\":\"EntryPoint\",\"urlTemplate\":\"https:\/\/undo.be\/?s={search_term_string}\"},\"query-input\":\"required name=search_term_string\"}],\"inLanguage\":\"fr-FR\"}]}<\/script>\n<!-- \/ Yoast SEO plugin. -->","yoast_head_json":{"title":"Conditions d\u2019utilisation UNDO","description":"Conditions d\u2019utilisation du site et de l\u2019app UNDO.","robots":{"index":"index","follow":"follow","max-snippet":"max-snippet:-1","max-image-preview":"max-image-preview:large","max-video-preview":"max-video-preview:-1"},"canonical":"https:\/\/undo.be\/fr\/general-conditions\/terms-of-use\/","og_locale":"fr_FR","og_type":"article","og_title":"Conditions d\u2019utilisation UNDO","og_description":"Conditions d\u2019utilisation du site et de l\u2019app UNDO.","og_url":"https:\/\/undo.be\/fr\/general-conditions\/terms-of-use\/","og_site_name":"Undo","article_modified_time":"2025-07-30T11:30:07+00:00","twitter_card":"summary_large_image","twitter_misc":{"Est. reading time":"8 minutes"},"schema":{"@context":"https:\/\/schema.org","@graph":[{"@type":"WebPage","@id":"https:\/\/undo.be\/fr\/general-conditions\/terms-of-use\/","url":"https:\/\/undo.be\/fr\/general-conditions\/terms-of-use\/","name":"Conditions d\u2019utilisation UNDO","isPartOf":{"@id":"https:\/\/undo.be\/#website"},"datePublished":"2024-06-13T16:08:55+00:00","dateModified":"2025-07-30T11:30:07+00:00","description":"Conditions d\u2019utilisation du site et de l\u2019app UNDO.","breadcrumb":{"@id":"https:\/\/undo.be\/fr\/general-conditions\/terms-of-use\/#breadcrumb"},"inLanguage":"fr-FR","potentialAction":[{"@type":"ReadAction","target":["https:\/\/undo.be\/fr\/general-conditions\/terms-of-use\/"]}]},{"@type":"BreadcrumbList","@id":"https:\/\/undo.be\/fr\/general-conditions\/terms-of-use\/#breadcrumb","itemListElement":[{"@type":"ListItem","position":1,"name":"Home","item":"https:\/\/undo.be\/fr\/"},{"@type":"ListItem","position":2,"name":"Bienvenue dans la partie l\u00e9gale","item":"https:\/\/undo.be\/fr\/general-conditions\/"},{"@type":"ListItem","position":3,"name":"Terms of use"}]},{"@type":"WebSite","@id":"https:\/\/undo.be\/#website","url":"https:\/\/undo.be\/","name":"Undo","description":"","potentialAction":[{"@type":"SearchAction","target":{"@type":"EntryPoint","urlTemplate":"https:\/\/undo.be\/?s={search_term_string}"},"query-input":"required name=search_term_string"}],"inLanguage":"fr-FR"}]}},"_links":{"self":[{"href":"https:\/\/undo.be\/fr\/wp-json\/wp\/v2\/pages\/2081"}],"collection":[{"href":"https:\/\/undo.be\/fr\/wp-json\/wp\/v2\/pages"}],"about":[{"href":"https:\/\/undo.be\/fr\/wp-json\/wp\/v2\/types\/page"}],"author":[{"embeddable":true,"href":"https:\/\/undo.be\/fr\/wp-json\/wp\/v2\/users\/1"}],"replies":[{"embeddable":true,"href":"https:\/\/undo.be\/fr\/wp-json\/wp\/v2\/comments?post=2081"}],"version-history":[{"count":2,"href":"https:\/\/undo.be\/fr\/wp-json\/wp\/v2\/pages\/2081\/revisions"}],"predecessor-version":[{"id":3207,"href":"https:\/\/undo.be\/fr\/wp-json\/wp\/v2\/pages\/2081\/revisions\/3207"}],"up":[{"embeddable":true,"href":"https:\/\/undo.be\/fr\/wp-json\/wp\/v2\/pages\/1977"}],"wp:attachment":[{"href":"https:\/\/undo.be\/fr\/wp-json\/wp\/v2\/media?parent=2081"}],"curies":[{"name":"wp","href":"https:\/\/api.w.org\/{rel}","templated":true}]}}