{"id":1977,"date":"2024-06-13T15:20:02","date_gmt":"2024-06-13T14:20:02","guid":{"rendered":"https:\/\/dev-wordpress-b29a99704ba4.hyperlane.co\/conditions-generales\/"},"modified":"2025-07-30T12:42:55","modified_gmt":"2025-07-30T11:42:55","slug":"general-conditions","status":"publish","type":"page","link":"https:\/\/undo.be\/fr\/general-conditions\/","title":{"rendered":"Bienvenue dans la partie l\u00e9gale"},"content":{"rendered":"\n<h1 class=\"wp-block-heading\">Vous trouverez ici toutes les informations juridiques<\/h1>\n\n<h3 class=\"wp-block-heading\">Conditions g\u00e9n\u00e9rales <a href=\"https:\/\/undo.be\/fr\/general-conditions\/terms-and-conditions\/\">\u2192<\/a><\/h3>\n\n<p>Tout ce que vous devez savoir sur UNDO<\/p>\n\n<h3 class=\"wp-block-heading\">Liste des prix <a href=\"https:\/\/undo.be\/fr\/general-conditions\/price-list\/\">\u2192<\/a><\/h3>\n\n<p>Co\u00fbts sp\u00e9cifiques et compensations<\/p>\n\n<h3 class=\"wp-block-heading\">Protection des donn\u00e9es <a href=\"https:\/\/undo.be\/fr\/privacy-policy\/\">\u2192<\/a><\/h3>\n\n<p>La politique de confidentialit\u00e9 d&#8217;UNDO<\/p>\n\n<h3 class=\"wp-block-heading\">Cookies <a href=\"https:\/\/undo.be\/fr\/general-conditions\/cookies\/\">\u2192<\/a><\/h3>\n\n<p>Politique en mati\u00e8re de cookies<\/p>\n\n<h3 class=\"wp-block-heading\">Consommateur <a href=\"https:\/\/undo.be\/fr\/general-conditions\/consumer\/\">\u2192<\/a><\/h3>\n\n<p>L&#8217;information consommateur UNDO<\/p>\n\n<h3 class=\"wp-block-heading\">R\u00e9capitulatif contractuel <a href=\"https:\/\/undo.be\/fr\/general-conditions\/contract-summary\/\">\u2192<\/a><\/h3>\n\n<p>Le r\u00e9capitulatif contractuel UNDO<\/p>\n\n<h3 class=\"wp-block-heading\">Conditions utilisation site internet <a href=\"https:\/\/undo.be\/fr\/general-conditions\/terms-of-use\/\">\u2192<\/a><\/h3>\n\n<p>Les conditions d&#8217;utilisation des sites internet UNDO<\/p>\n\n<h3 class=\"wp-block-heading\">Formulaire r\u00e9tractation <a href=\"https:\/\/undo.be\/fr\/general-conditions\/withdrawal-form\/\">\u2192<\/a><\/h3>\n\n<p>Le mod\u00e8le de formulaire UNDO de r\u00e9tractation<\/p>\n","protected":false},"excerpt":{"rendered":"<p>Vous trouverez ici toutes les informations juridiques Conditions g\u00e9n\u00e9rales \u2192 Tout ce que vous devez savoir sur UNDO Liste des prix \u2192 Co\u00fbts sp\u00e9cifiques et compensations Protection des donn\u00e9es \u2192 La politique de confidentialit\u00e9 d&#8217;UNDO Cookies \u2192 Politique en mati\u00e8re de cookies Consommateur \u2192 L&#8217;information consommateur UNDO R\u00e9capitulatif contractuel \u2192 Le r\u00e9capitulatif contractuel UNDO Conditions [&hellip;]<\/p>\n","protected":false},"author":1,"featured_media":0,"parent":0,"menu_order":34,"comment_status":"closed","ping_status":"closed","template":"templates\/tpl-page-container.php","meta":{"_acf_changed":false,"footnotes":""},"acf":[],"yoast_head":"<!-- This site is optimized with the Yoast SEO plugin v22.9 - https:\/\/yoast.com\/wordpress\/plugins\/seo\/ -->\n<title>Partie l\u00e9gale UNDO<\/title>\n<meta name=\"description\" content=\"Bienvenue dans la section l\u00e9gale \u2013 toutes les r\u00e8gles en un coup d&#039;\u0153il.\" \/>\n<meta name=\"robots\" content=\"index, follow, max-snippet:-1, max-image-preview:large, max-video-preview:-1\" \/>\n<link rel=\"canonical\" href=\"https:\/\/undo.be\/fr\/general-conditions\/\" \/>\n<meta property=\"og:locale\" content=\"fr_FR\" \/>\n<meta property=\"og:type\" content=\"article\" \/>\n<meta property=\"og:title\" content=\"Partie l\u00e9gale UNDO\" \/>\n<meta property=\"og:description\" content=\"Bienvenue dans la section l\u00e9gale \u2013 toutes les r\u00e8gles en un coup d&#039;\u0153il.\" \/>\n<meta property=\"og:url\" content=\"https:\/\/undo.be\/fr\/general-conditions\/\" \/>\n<meta property=\"og:site_name\" content=\"Undo\" \/>\n<meta property=\"article:modified_time\" content=\"2025-07-30T11:42:55+00:00\" \/>\n<meta name=\"twitter:card\" content=\"summary_large_image\" \/>\n<meta name=\"twitter:label1\" content=\"Est. reading time\" \/>\n\t<meta name=\"twitter:data1\" content=\"1 minute\" \/>\n<script type=\"application\/ld+json\" class=\"yoast-schema-graph\">{\"@context\":\"https:\/\/schema.org\",\"@graph\":[{\"@type\":\"WebPage\",\"@id\":\"https:\/\/undo.be\/fr\/general-conditions\/\",\"url\":\"https:\/\/undo.be\/fr\/general-conditions\/\",\"name\":\"Partie l\u00e9gale UNDO\",\"isPartOf\":{\"@id\":\"https:\/\/undo.be\/#website\"},\"datePublished\":\"2024-06-13T14:20:02+00:00\",\"dateModified\":\"2025-07-30T11:42:55+00:00\",\"description\":\"Bienvenue dans la section l\u00e9gale \u2013 toutes les r\u00e8gles en un coup d'\u0153il.\",\"breadcrumb\":{\"@id\":\"https:\/\/undo.be\/fr\/general-conditions\/#breadcrumb\"},\"inLanguage\":\"fr-FR\",\"potentialAction\":[{\"@type\":\"ReadAction\",\"target\":[\"https:\/\/undo.be\/fr\/general-conditions\/\"]}]},{\"@type\":\"BreadcrumbList\",\"@id\":\"https:\/\/undo.be\/fr\/general-conditions\/#breadcrumb\",\"itemListElement\":[{\"@type\":\"ListItem\",\"position\":1,\"name\":\"Home\",\"item\":\"https:\/\/undo.be\/fr\/\"},{\"@type\":\"ListItem\",\"position\":2,\"name\":\"Bienvenue dans la partie l\u00e9gale\"}]},{\"@type\":\"WebSite\",\"@id\":\"https:\/\/undo.be\/#website\",\"url\":\"https:\/\/undo.be\/\",\"name\":\"Undo\",\"description\":\"\",\"potentialAction\":[{\"@type\":\"SearchAction\",\"target\":{\"@type\":\"EntryPoint\",\"urlTemplate\":\"https:\/\/undo.be\/?s={search_term_string}\"},\"query-input\":\"required name=search_term_string\"}],\"inLanguage\":\"fr-FR\"}]}<\/script>\n<!-- \/ Yoast SEO plugin. -->","yoast_head_json":{"title":"Partie l\u00e9gale UNDO","description":"Bienvenue dans la section l\u00e9gale \u2013 toutes les r\u00e8gles en un coup d'\u0153il.","robots":{"index":"index","follow":"follow","max-snippet":"max-snippet:-1","max-image-preview":"max-image-preview:large","max-video-preview":"max-video-preview:-1"},"canonical":"https:\/\/undo.be\/fr\/general-conditions\/","og_locale":"fr_FR","og_type":"article","og_title":"Partie l\u00e9gale UNDO","og_description":"Bienvenue dans la section l\u00e9gale \u2013 toutes les r\u00e8gles en un coup d'\u0153il.","og_url":"https:\/\/undo.be\/fr\/general-conditions\/","og_site_name":"Undo","article_modified_time":"2025-07-30T11:42:55+00:00","twitter_card":"summary_large_image","twitter_misc":{"Est. reading time":"1 minute"},"schema":{"@context":"https:\/\/schema.org","@graph":[{"@type":"WebPage","@id":"https:\/\/undo.be\/fr\/general-conditions\/","url":"https:\/\/undo.be\/fr\/general-conditions\/","name":"Partie l\u00e9gale UNDO","isPartOf":{"@id":"https:\/\/undo.be\/#website"},"datePublished":"2024-06-13T14:20:02+00:00","dateModified":"2025-07-30T11:42:55+00:00","description":"Bienvenue dans la section l\u00e9gale \u2013 toutes les r\u00e8gles en un coup d'\u0153il.","breadcrumb":{"@id":"https:\/\/undo.be\/fr\/general-conditions\/#breadcrumb"},"inLanguage":"fr-FR","potentialAction":[{"@type":"ReadAction","target":["https:\/\/undo.be\/fr\/general-conditions\/"]}]},{"@type":"BreadcrumbList","@id":"https:\/\/undo.be\/fr\/general-conditions\/#breadcrumb","itemListElement":[{"@type":"ListItem","position":1,"name":"Home","item":"https:\/\/undo.be\/fr\/"},{"@type":"ListItem","position":2,"name":"Bienvenue dans la partie l\u00e9gale"}]},{"@type":"WebSite","@id":"https:\/\/undo.be\/#website","url":"https:\/\/undo.be\/","name":"Undo","description":"","potentialAction":[{"@type":"SearchAction","target":{"@type":"EntryPoint","urlTemplate":"https:\/\/undo.be\/?s={search_term_string}"},"query-input":"required name=search_term_string"}],"inLanguage":"fr-FR"}]}},"_links":{"self":[{"href":"https:\/\/undo.be\/fr\/wp-json\/wp\/v2\/pages\/1977"}],"collection":[{"href":"https:\/\/undo.be\/fr\/wp-json\/wp\/v2\/pages"}],"about":[{"href":"https:\/\/undo.be\/fr\/wp-json\/wp\/v2\/types\/page"}],"author":[{"embeddable":true,"href":"https:\/\/undo.be\/fr\/wp-json\/wp\/v2\/users\/1"}],"replies":[{"embeddable":true,"href":"https:\/\/undo.be\/fr\/wp-json\/wp\/v2\/comments?post=1977"}],"version-history":[{"count":11,"href":"https:\/\/undo.be\/fr\/wp-json\/wp\/v2\/pages\/1977\/revisions"}],"predecessor-version":[{"id":3001,"href":"https:\/\/undo.be\/fr\/wp-json\/wp\/v2\/pages\/1977\/revisions\/3001"}],"wp:attachment":[{"href":"https:\/\/undo.be\/fr\/wp-json\/wp\/v2\/media?parent=1977"}],"curies":[{"name":"wp","href":"https:\/\/api.w.org\/{rel}","templated":true}]}}