{"id":1789,"date":"2024-06-20T12:41:13","date_gmt":"2024-06-20T11:41:13","guid":{"rendered":"https:\/\/dev-wordpress-b29a99704ba4.hyperlane.co\/merci-de-tetre-abonne-a-notre-newsletter\/"},"modified":"2025-07-30T12:45:02","modified_gmt":"2025-07-30T11:45:02","slug":"merci-de-tetre-abonne-a-notre-newsletter","status":"publish","type":"page","link":"http:\/\/undo.be\/fr\/merci-de-tetre-abonne-a-notre-newsletter\/","title":{"rendered":"Merci de t&#8217;\u00eatre abonn\u00e9 \u00e0 notre newsletter"},"content":{"rendered":"\n<section class=\"hero \">\n  <div class=\"hero__inner\">\n    <div class=\"hero__content\">\n      \n\n\n<div class=\"text text_default-18 hero__content-inner\" >\n        <h1>Merci de t&#8217;\u00eatre abonn\u00e9 \u00e0 notre newsletter<\/h1>\n<p>Chez UNDO, nous pensons que les entreprises doivent faire leur part pour relever les d\u00e9fis mondiaux, notamment le changement climatique. C&#8217;est pourquoi nous nous engageons pour la plan\u00e8te, aux c\u00f4t\u00e9s de nos abonn\u00e9s.<\/p>\n<p><strong>\u201cChaque geste compte\u201d<\/strong><\/p>\n<p>Nous ne pourrons peut-\u00eatre pas changer le monde du jour au lendemain, mais chaque geste compte.<\/p>\n\n  \n      \n\n\n<a class=\"button button_variant-primary button_scheme-dark\" href=\"https:\/\/undo.be\/mobile-subscriptions\/\" target=\"\">\n  \n      <span class=\"button__label\">Acc\u00e9de aux abonnements mobiles<\/span>\n  \n  <\/a>\n  \n<\/div>\n    <\/div>\n\n          \n\n\n<figure class=\"image image_fit-contain hero__image\"\n  style=\"--aspect-ratio: 1.2819414703783\">\n  <img decoding=\"async\" src=\"http:\/\/undo.be\/wp-content\/uploads\/2024\/05\/58e425bb560bb359d1e5d19a853da689-1200x0-c-default.webp\" alt=\"\" \/>\n<\/figure>      <\/div>\n<\/section>\n\n","protected":false},"excerpt":{"rendered":"","protected":false},"author":1,"featured_media":0,"parent":0,"menu_order":31,"comment_status":"closed","ping_status":"closed","template":"","meta":{"_acf_changed":false,"footnotes":""},"acf":[],"yoast_head":"<!-- This site is optimized with the Yoast SEO plugin v22.9 - https:\/\/yoast.com\/wordpress\/plugins\/seo\/ -->\n<title>Merci pour votre inscription<\/title>\n<meta name=\"description\" content=\"Merci de vous \u00eatre abonn\u00e9 \u00e0 notre newsletter.\" \/>\n<meta name=\"robots\" content=\"index, follow, max-snippet:-1, max-image-preview:large, max-video-preview:-1\" \/>\n<link rel=\"canonical\" href=\"http:\/\/undo.be\/fr\/merci-de-tetre-abonne-a-notre-newsletter\/\" \/>\n<meta property=\"og:locale\" content=\"fr_FR\" \/>\n<meta property=\"og:type\" content=\"article\" \/>\n<meta property=\"og:title\" content=\"Merci pour votre inscription\" \/>\n<meta property=\"og:description\" content=\"Merci de vous \u00eatre abonn\u00e9 \u00e0 notre newsletter.\" \/>\n<meta property=\"og:url\" content=\"http:\/\/undo.be\/fr\/merci-de-tetre-abonne-a-notre-newsletter\/\" \/>\n<meta property=\"og:site_name\" content=\"Undo\" \/>\n<meta property=\"article:modified_time\" content=\"2025-07-30T11:45:02+00:00\" \/>\n<meta name=\"twitter:card\" content=\"summary_large_image\" \/>\n<script type=\"application\/ld+json\" class=\"yoast-schema-graph\">{\"@context\":\"https:\/\/schema.org\",\"@graph\":[{\"@type\":\"WebPage\",\"@id\":\"http:\/\/undo.be\/fr\/merci-de-tetre-abonne-a-notre-newsletter\/\",\"url\":\"http:\/\/undo.be\/fr\/merci-de-tetre-abonne-a-notre-newsletter\/\",\"name\":\"Merci pour votre inscription\",\"isPartOf\":{\"@id\":\"https:\/\/undo.be\/#website\"},\"datePublished\":\"2024-06-20T11:41:13+00:00\",\"dateModified\":\"2025-07-30T11:45:02+00:00\",\"description\":\"Merci de vous \u00eatre abonn\u00e9 \u00e0 notre newsletter.\",\"breadcrumb\":{\"@id\":\"http:\/\/undo.be\/fr\/merci-de-tetre-abonne-a-notre-newsletter\/#breadcrumb\"},\"inLanguage\":\"fr-FR\",\"potentialAction\":[{\"@type\":\"ReadAction\",\"target\":[\"http:\/\/undo.be\/fr\/merci-de-tetre-abonne-a-notre-newsletter\/\"]}]},{\"@type\":\"BreadcrumbList\",\"@id\":\"http:\/\/undo.be\/fr\/merci-de-tetre-abonne-a-notre-newsletter\/#breadcrumb\",\"itemListElement\":[{\"@type\":\"ListItem\",\"position\":1,\"name\":\"Home\",\"item\":\"https:\/\/undo.be\/fr\/\"},{\"@type\":\"ListItem\",\"position\":2,\"name\":\"Merci de t&#8217;\u00eatre abonn\u00e9 \u00e0 notre newsletter\"}]},{\"@type\":\"WebSite\",\"@id\":\"https:\/\/undo.be\/#website\",\"url\":\"https:\/\/undo.be\/\",\"name\":\"Undo\",\"description\":\"\",\"potentialAction\":[{\"@type\":\"SearchAction\",\"target\":{\"@type\":\"EntryPoint\",\"urlTemplate\":\"https:\/\/undo.be\/?s={search_term_string}\"},\"query-input\":\"required name=search_term_string\"}],\"inLanguage\":\"fr-FR\"}]}<\/script>\n<!-- \/ Yoast SEO plugin. -->","yoast_head_json":{"title":"Merci pour votre inscription","description":"Merci de vous \u00eatre abonn\u00e9 \u00e0 notre newsletter.","robots":{"index":"index","follow":"follow","max-snippet":"max-snippet:-1","max-image-preview":"max-image-preview:large","max-video-preview":"max-video-preview:-1"},"canonical":"http:\/\/undo.be\/fr\/merci-de-tetre-abonne-a-notre-newsletter\/","og_locale":"fr_FR","og_type":"article","og_title":"Merci pour votre inscription","og_description":"Merci de vous \u00eatre abonn\u00e9 \u00e0 notre newsletter.","og_url":"http:\/\/undo.be\/fr\/merci-de-tetre-abonne-a-notre-newsletter\/","og_site_name":"Undo","article_modified_time":"2025-07-30T11:45:02+00:00","twitter_card":"summary_large_image","schema":{"@context":"https:\/\/schema.org","@graph":[{"@type":"WebPage","@id":"http:\/\/undo.be\/fr\/merci-de-tetre-abonne-a-notre-newsletter\/","url":"http:\/\/undo.be\/fr\/merci-de-tetre-abonne-a-notre-newsletter\/","name":"Merci pour votre inscription","isPartOf":{"@id":"https:\/\/undo.be\/#website"},"datePublished":"2024-06-20T11:41:13+00:00","dateModified":"2025-07-30T11:45:02+00:00","description":"Merci de vous \u00eatre abonn\u00e9 \u00e0 notre newsletter.","breadcrumb":{"@id":"http:\/\/undo.be\/fr\/merci-de-tetre-abonne-a-notre-newsletter\/#breadcrumb"},"inLanguage":"fr-FR","potentialAction":[{"@type":"ReadAction","target":["http:\/\/undo.be\/fr\/merci-de-tetre-abonne-a-notre-newsletter\/"]}]},{"@type":"BreadcrumbList","@id":"http:\/\/undo.be\/fr\/merci-de-tetre-abonne-a-notre-newsletter\/#breadcrumb","itemListElement":[{"@type":"ListItem","position":1,"name":"Home","item":"https:\/\/undo.be\/fr\/"},{"@type":"ListItem","position":2,"name":"Merci de t&#8217;\u00eatre abonn\u00e9 \u00e0 notre newsletter"}]},{"@type":"WebSite","@id":"https:\/\/undo.be\/#website","url":"https:\/\/undo.be\/","name":"Undo","description":"","potentialAction":[{"@type":"SearchAction","target":{"@type":"EntryPoint","urlTemplate":"https:\/\/undo.be\/?s={search_term_string}"},"query-input":"required name=search_term_string"}],"inLanguage":"fr-FR"}]}},"_links":{"self":[{"href":"http:\/\/undo.be\/fr\/wp-json\/wp\/v2\/pages\/1789"}],"collection":[{"href":"http:\/\/undo.be\/fr\/wp-json\/wp\/v2\/pages"}],"about":[{"href":"http:\/\/undo.be\/fr\/wp-json\/wp\/v2\/types\/page"}],"author":[{"embeddable":true,"href":"http:\/\/undo.be\/fr\/wp-json\/wp\/v2\/users\/1"}],"replies":[{"embeddable":true,"href":"http:\/\/undo.be\/fr\/wp-json\/wp\/v2\/comments?post=1789"}],"version-history":[{"count":6,"href":"http:\/\/undo.be\/fr\/wp-json\/wp\/v2\/pages\/1789\/revisions"}],"predecessor-version":[{"id":5987,"href":"http:\/\/undo.be\/fr\/wp-json\/wp\/v2\/pages\/1789\/revisions\/5987"}],"wp:attachment":[{"href":"http:\/\/undo.be\/fr\/wp-json\/wp\/v2\/media?parent=1789"}],"curies":[{"name":"wp","href":"https:\/\/api.w.org\/{rel}","templated":true}]}}